{"id":6413,"date":"2024-04-07T09:10:09","date_gmt":"2024-04-07T09:10:09","guid":{"rendered":"https:\/\/rapid-scafform.com\/?page_id=6413"},"modified":"2024-10-14T02:50:18","modified_gmt":"2024-10-14T02:50:18","slug":"flex-tischschalung","status":"publish","type":"page","link":"https:\/\/rapid-scafform.com\/de\/flex-table-formwork\/","title":{"rendered":"Tischschalung"},"content":{"rendered":"<div data-elementor-type=\"wp-page\" data-elementor-id=\"6413\" class=\"elementor elementor-6413\" data-elementor-post-type=\"page\">\n\t\t\t\t\t\t<section class=\"elementor-section elementor-top-section elementor-element elementor-element-5a96a468 elementor-section-boxed elementor-section-height-default elementor-section-height-default\" data-id=\"5a96a468\" data-element_type=\"section\" data-e-type=\"section\">\n\t\t\t\t\t\t<div class=\"elementor-container elementor-column-gap-default\">\n\t\t\t\t\t<div class=\"elementor-column elementor-col-50 elementor-top-column elementor-element elementor-element-49f0ebe\" data-id=\"49f0ebe\" data-element_type=\"column\" data-e-type=\"column\">\n\t\t\t<div class=\"elementor-widget-wrap elementor-element-populated\">\n\t\t\t\t\t\t<div class=\"elementor-element elementor-element-482829ac elementor-widget elementor-widget-image\" data-id=\"482829ac\" data-element_type=\"widget\" data-e-type=\"widget\" data-widget_type=\"image.default\">\n\t\t\t\t<div class=\"elementor-widget-container\">\n\t\t\t\t\t\t\t\t\t\t\t\t\t\t\t<img fetchpriority=\"high\" decoding=\"async\" width=\"768\" height=\"422\" src=\"https:\/\/rapid-scafform.com\/wp-content\/uploads\/2024\/04\/1-768x422.png\" class=\"attachment-medium_large size-medium_large wp-image-6383\" alt=\"Flex-Tisch-Schalungssystem\" srcset=\"https:\/\/rapid-scafform.com\/wp-content\/uploads\/2024\/04\/1-768x422.png 768w, https:\/\/rapid-scafform.com\/wp-content\/uploads\/2024\/04\/1-300x165.png 300w, https:\/\/rapid-scafform.com\/wp-content\/uploads\/2024\/04\/1-1024x562.png 1024w, https:\/\/rapid-scafform.com\/wp-content\/uploads\/2024\/04\/1-18x10.png 18w, https:\/\/rapid-scafform.com\/wp-content\/uploads\/2024\/04\/1-600x329.png 600w, https:\/\/rapid-scafform.com\/wp-content\/uploads\/2024\/04\/1.png 1206w\" sizes=\"(max-width: 768px) 100vw, 768px\" \/>\t\t\t\t\t\t\t\t\t\t\t\t\t\t\t<\/div>\n\t\t\t\t<\/div>\n\t\t\t\t<div class=\"elementor-element elementor-element-4a5f26b8 elementor-align-center elementor-widget elementor-widget-button\" data-id=\"4a5f26b8\" data-element_type=\"widget\" data-e-type=\"widget\" data-widget_type=\"button.default\">\n\t\t\t\t<div class=\"elementor-widget-container\">\n\t\t\t\t\t\t\t\t\t<div class=\"elementor-button-wrapper\">\n\t\t\t\t\t<a class=\"elementor-button elementor-button-link elementor-size-sm\" href=\"#elementor-action%3Aaction%3Dpopup%3Aopen%26settings%3DeyJpZCI6IjczOTkiLCJ0b2dnbGUiOmZhbHNlfQ%3D%3D\">\n\t\t\t\t\t\t<span class=\"elementor-button-content-wrapper\">\n\t\t\t\t\t\t\t\t\t<span class=\"elementor-button-text\">Holen Sie sich jetzt ein Angebot!<\/span>\n\t\t\t\t\t<\/span>\n\t\t\t\t\t<\/a>\n\t\t\t\t<\/div>\n\t\t\t\t\t\t\t\t<\/div>\n\t\t\t\t<\/div>\n\t\t\t\t\t<\/div>\n\t\t<\/div>\n\t\t\t\t<div class=\"elementor-column elementor-col-50 elementor-top-column elementor-element elementor-element-594e3223\" data-id=\"594e3223\" data-element_type=\"column\" data-e-type=\"column\">\n\t\t\t<div class=\"elementor-widget-wrap elementor-element-populated\">\n\t\t\t\t\t\t<div class=\"elementor-element elementor-element-1f4a347e elementor-widget elementor-widget-heading\" data-id=\"1f4a347e\" data-element_type=\"widget\" data-e-type=\"widget\" data-widget_type=\"heading.default\">\n\t\t\t\t<div class=\"elementor-widget-container\">\n\t\t\t\t\t<h1 class=\"elementor-heading-title elementor-size-default\">Flex Deckentischschalung<\/h1>\t\t\t\t<\/div>\n\t\t\t\t<\/div>\n\t\t\t\t<div class=\"elementor-element elementor-element-1e085ca7 elementor-widget elementor-widget-text-editor\" data-id=\"1e085ca7\" data-element_type=\"widget\" data-e-type=\"widget\" data-widget_type=\"text-editor.default\">\n\t\t\t\t<div class=\"elementor-widget-container\">\n\t\t\t\t\t\t\t\t\t<p><strong>Entdecken Sie das Flex-Table-Schalungssystem: Die ultimative L\u00f6sung f\u00fcr den Deckenbau<\/strong><\/p><p>Verbessern Sie Ihre Bauprojekte mit dem Flex-Table-Schalungssystem, der anpassungsf\u00e4higsten und kosteng\u00fcnstigsten Tisch- und Deckenschalung, die heute erh\u00e4ltlich ist. Dieses auf Vielseitigkeit und Effizienz ausgelegte System verf\u00fcgt \u00fcber hochwertige Stahlrohrst\u00fctzen, darunter Stative, Vierwegek\u00f6pfe, H20-Holzbalken und Sperrholzplatten, und erm\u00f6glicht lichte H\u00f6hen von bis zu 5,90 m.<\/p>\t\t\t\t\t\t\t\t<\/div>\n\t\t\t\t<\/div>\n\t\t\t\t\t<\/div>\n\t\t<\/div>\n\t\t\t\t\t<\/div>\n\t\t<\/section>\n\t\t\t\t<section class=\"elementor-section elementor-top-section elementor-element elementor-element-630a5f84 elementor-section-boxed elementor-section-height-default elementor-section-height-default\" data-id=\"630a5f84\" data-element_type=\"section\" data-e-type=\"section\">\n\t\t\t\t\t\t<div class=\"elementor-container elementor-column-gap-default\">\n\t\t\t\t\t<div class=\"elementor-column elementor-col-50 elementor-top-column elementor-element elementor-element-248b02bd\" data-id=\"248b02bd\" data-element_type=\"column\" data-e-type=\"column\">\n\t\t\t<div class=\"elementor-widget-wrap elementor-element-populated\">\n\t\t\t\t\t\t<div class=\"elementor-element elementor-element-5faa738b elementor-widget elementor-widget-heading\" data-id=\"5faa738b\" data-element_type=\"widget\" data-e-type=\"widget\" data-widget_type=\"heading.default\">\n\t\t\t\t<div class=\"elementor-widget-container\">\n\t\t\t\t\t<h2 class=\"elementor-heading-title elementor-size-default\">Flex-Slab-Tischschalung-Projekt\n<\/h2>\t\t\t\t<\/div>\n\t\t\t\t<\/div>\n\t\t\t\t<div class=\"elementor-element elementor-element-7935274b elementor-widget elementor-widget-gallery\" data-id=\"7935274b\" data-element_type=\"widget\" data-e-type=\"widget\" data-settings=\"{&quot;columns&quot;:2,&quot;aspect_ratio&quot;:&quot;4:3&quot;,&quot;lazyload&quot;:&quot;yes&quot;,&quot;gallery_layout&quot;:&quot;grid&quot;,&quot;columns_tablet&quot;:2,&quot;columns_mobile&quot;:1,&quot;gap&quot;:{&quot;unit&quot;:&quot;px&quot;,&quot;size&quot;:10,&quot;sizes&quot;:[]},&quot;gap_tablet&quot;:{&quot;unit&quot;:&quot;px&quot;,&quot;size&quot;:10,&quot;sizes&quot;:[]},&quot;gap_mobile&quot;:{&quot;unit&quot;:&quot;px&quot;,&quot;size&quot;:10,&quot;sizes&quot;:[]},&quot;content_hover_animation&quot;:&quot;fade-in&quot;}\" data-widget_type=\"gallery.default\">\n\t\t\t\t<div class=\"elementor-widget-container\">\n\t\t\t\t\t\t\t<div class=\"elementor-gallery__container\">\n\t\t\t\t\t\t\t<div class=\"e-gallery-item elementor-gallery-item elementor-animated-content\">\n\t\t\t\t\t<div class=\"e-gallery-image elementor-gallery-item__image\" data-thumbnail=\"https:\/\/rapid-scafform.com\/wp-content\/uploads\/2024\/04\/slab-formwork-768x512.jpg\" data-width=\"768\" data-height=\"512\" aria-label=\"Deckenschalung\" role=\"img\" ><\/div>\n\t\t\t\t\t\t\t\t\t\t\t\t\t\t<\/div>\n\t\t\t\t\t\t\t<div class=\"e-gallery-item elementor-gallery-item elementor-animated-content\">\n\t\t\t\t\t<div class=\"e-gallery-image elementor-gallery-item__image\" data-thumbnail=\"https:\/\/rapid-scafform.com\/wp-content\/uploads\/2024\/04\/3-768x508.jpg\" data-width=\"768\" data-height=\"508\" aria-label=\"H20 Deckentischschalungssystem\" role=\"img\" ><\/div>\n\t\t\t\t\t\t\t\t\t\t\t\t\t\t<\/div>\n\t\t\t\t\t\t\t<div class=\"e-gallery-item elementor-gallery-item elementor-animated-content\">\n\t\t\t\t\t<div class=\"e-gallery-image elementor-gallery-item__image\" data-thumbnail=\"https:\/\/rapid-scafform.com\/wp-content\/uploads\/2024\/04\/2.png\" data-width=\"722\" data-height=\"569\" aria-label=\"H20 Deckentischschalungssystem\" role=\"img\" ><\/div>\n\t\t\t\t\t\t\t\t\t\t\t\t\t\t<\/div>\n\t\t\t\t\t\t\t<div class=\"e-gallery-item elementor-gallery-item elementor-animated-content\">\n\t\t\t\t\t<div class=\"e-gallery-image elementor-gallery-item__image\" data-thumbnail=\"https:\/\/rapid-scafform.com\/wp-content\/uploads\/2024\/04\/1-1-768x510.jpg\" data-width=\"768\" data-height=\"510\" aria-label=\"H20-Deckentischschalung\" role=\"img\" ><\/div>\n\t\t\t\t\t\t\t\t\t\t\t\t\t\t<\/div>\n\t\t\t\t\t<\/div>\n\t\t\t\t\t<\/div>\n\t\t\t\t<\/div>\n\t\t\t\t\t<\/div>\n\t\t<\/div>\n\t\t\t\t<div class=\"elementor-column elementor-col-50 elementor-top-column elementor-element elementor-element-148312d1\" data-id=\"148312d1\" data-element_type=\"column\" data-e-type=\"column\">\n\t\t\t<div class=\"elementor-widget-wrap elementor-element-populated\">\n\t\t\t\t\t\t<div class=\"elementor-element elementor-element-421e4574 elementor-widget elementor-widget-text-editor\" data-id=\"421e4574\" data-element_type=\"widget\" data-e-type=\"widget\" data-widget_type=\"text-editor.default\">\n\t\t\t\t<div class=\"elementor-widget-container\">\n\t\t\t\t\t\t\t\t\t<h3 style=\"text-align: center;\">Warum schnell?<\/h3><p>\u2022<strong>Vielseitigkeit<\/strong>: Geeignet f\u00fcr eine breite Palette von Projekten, von Hochh\u00e4usern bis zu Br\u00fccken. \u2022 <strong>Hochwertige Oberfl\u00e4chen<\/strong>: Garantiert eine hervorragende Betonoberfl\u00e4chenqualit\u00e4t.<br \/>\u2022 <strong>Auto-Climbing-Technologie<\/strong>: Bietet sichereren Hochhausbau ohne Kran.<br \/>\u2022 <strong>Wirtschaftlichkeit<\/strong>: Bietet ein ausgewogenes Verh\u00e4ltnis zwischen Kosteneffizienz und Sicherheit.<br \/>\u2022 <strong>Robuste Tragf\u00e4higkeit<\/strong>: Gew\u00e4hrleistet Zuverl\u00e4ssigkeit bei hohem Betondruck.<br \/>\u2022<strong>Kundenspezifische L\u00f6sungen<\/strong>: Passt sich mit anpassbaren Systemen an spezifische Projektanforderungen an.<br \/>\u2022 <strong>Support durch Experten<\/strong>: Bietet erfahrene Beratung und Service.<br \/>\u2022 <strong>Einhaltung von Standards<\/strong>: Erf\u00fcllt internationale Sicherheits- und Qualit\u00e4tsstandards.<br \/>\u2022 <strong>Nachhaltigkeit<\/strong>: Legt den Schwerpunkt auf wiederverwendbare Materialien f\u00fcr eine geringere Umweltbelastung.<\/p>\t\t\t\t\t\t\t\t<\/div>\n\t\t\t\t<\/div>\n\t\t\t\t\t<\/div>\n\t\t<\/div>\n\t\t\t\t\t<\/div>\n\t\t<\/section>\n\t\t\t\t<section class=\"elementor-section elementor-top-section elementor-element elementor-element-7708181a elementor-section-boxed elementor-section-height-default elementor-section-height-default\" data-id=\"7708181a\" data-element_type=\"section\" data-e-type=\"section\">\n\t\t\t\t\t\t<div class=\"elementor-container elementor-column-gap-default\">\n\t\t\t\t\t<div class=\"elementor-column elementor-col-100 elementor-top-column elementor-element elementor-element-75f871b7\" data-id=\"75f871b7\" data-element_type=\"column\" data-e-type=\"column\">\n\t\t\t<div class=\"elementor-widget-wrap elementor-element-populated\">\n\t\t\t\t\t\t<div class=\"elementor-element elementor-element-19fe2a18 elementor-align-center elementor-widget elementor-widget-button\" data-id=\"19fe2a18\" data-element_type=\"widget\" data-e-type=\"widget\" data-widget_type=\"button.default\">\n\t\t\t\t<div class=\"elementor-widget-container\">\n\t\t\t\t\t\t\t\t\t<div class=\"elementor-button-wrapper\">\n\t\t\t\t\t<a class=\"elementor-button elementor-button-link elementor-size-sm\" href=\"#elementor-action%3Aaction%3Dpopup%3Aopen%26settings%3DeyJpZCI6IjczOTkiLCJ0b2dnbGUiOmZhbHNlfQ%3D%3D\">\n\t\t\t\t\t\t<span class=\"elementor-button-content-wrapper\">\n\t\t\t\t\t\t\t\t\t<span class=\"elementor-button-text\">Holen Sie sich jetzt ein Angebot!<\/span>\n\t\t\t\t\t<\/span>\n\t\t\t\t\t<\/a>\n\t\t\t\t<\/div>\n\t\t\t\t\t\t\t\t<\/div>\n\t\t\t\t<\/div>\n\t\t\t\t\t<\/div>\n\t\t<\/div>\n\t\t\t\t\t<\/div>\n\t\t<\/section>\n\t\t\t\t<section class=\"elementor-section elementor-top-section elementor-element elementor-element-4ddc8da7 elementor-section-boxed elementor-section-height-default elementor-section-height-default\" data-id=\"4ddc8da7\" data-element_type=\"section\" data-e-type=\"section\">\n\t\t\t\t\t\t<div class=\"elementor-container elementor-column-gap-default\">\n\t\t\t\t\t<div class=\"elementor-column elementor-col-100 elementor-top-column elementor-element elementor-element-3916032b\" data-id=\"3916032b\" data-element_type=\"column\" data-e-type=\"column\">\n\t\t\t<div class=\"elementor-widget-wrap elementor-element-populated\">\n\t\t\t\t\t\t<div class=\"elementor-element elementor-element-5a3a33f3 elementor-tabs-view-horizontal elementor-widget elementor-widget-tabs\" data-id=\"5a3a33f3\" data-element_type=\"widget\" data-e-type=\"widget\" data-widget_type=\"tabs.default\">\n\t\t\t\t<div class=\"elementor-widget-container\">\n\t\t\t\t\t\t\t<div class=\"elementor-tabs\">\n\t\t\t<div class=\"elementor-tabs-wrapper\" role=\"tablist\" >\n\t\t\t\t\t\t\t\t\t<div id=\"elementor-tab-title-1511\" class=\"elementor-tab-title elementor-tab-desktop-title\" aria-selected=\"true\" data-tab=\"1\" role=\"tab\" tabindex=\"0\" aria-controls=\"elementor-tab-content-1511\" aria-expanded=\"false\">Einf\u00fchrung in die Flex-Plattentischschalung<\/div>\n\t\t\t\t\t\t\t\t\t<div id=\"elementor-tab-title-1512\" class=\"elementor-tab-title elementor-tab-desktop-title\" aria-selected=\"false\" data-tab=\"2\" role=\"tab\" tabindex=\"-1\" aria-controls=\"elementor-tab-content-1512\" aria-expanded=\"false\">Zertifizierung<\/div>\n\t\t\t\t\t\t\t\t\t<div id=\"elementor-tab-title-1513\" class=\"elementor-tab-title elementor-tab-desktop-title\" aria-selected=\"false\" data-tab=\"3\" role=\"tab\" tabindex=\"-1\" aria-controls=\"elementor-tab-content-1513\" aria-expanded=\"false\">Flex Slab Tischschalungsprojekte<\/div>\n\t\t\t\t\t\t\t<\/div>\n\t\t\t<div class=\"elementor-tabs-content-wrapper\" role=\"tablist\" aria-orientation=\"vertical\">\n\t\t\t\t\t\t\t\t\t<div class=\"elementor-tab-title elementor-tab-mobile-title\" aria-selected=\"true\" data-tab=\"1\" role=\"tab\" tabindex=\"0\" aria-controls=\"elementor-tab-content-1511\" aria-expanded=\"false\">Einf\u00fchrung in die Flex-Plattentischschalung<\/div>\n\t\t\t\t\t<div id=\"elementor-tab-content-1511\" class=\"elementor-tab-content elementor-clearfix\" data-tab=\"1\" role=\"tabpanel\" aria-labelledby=\"elementor-tab-title-1511\" tabindex=\"0\" hidden=\"false\"><ul><li><p><strong>Beispiellose Flexibilit\u00e4t:<\/strong> Da das Flex-Table-Schalungssystem keine Einschr\u00e4nkungen durch modulare Abmessungen hat, eignet es sich f\u00fcr jede Umgebung, unterst\u00fctzt alle Arten von Platten und passt sich jeder geometrischen Anordnung an. Verabschieden Sie sich von der Starrheit herk\u00f6mmlicher Systeme und genie\u00dfen Sie maximale Flexibilit\u00e4t.<\/p><\/li><li><p><strong>Wirtschaftlich und effizient:<\/strong> Reduzieren Sie Ihre Materialkosten, ohne Abstriche bei der Qualit\u00e4t zu machen. Das Flex-Table-Schalungssystem ist ideal f\u00fcr Regionen mit unterschiedlichen Lohnniveaus, schont nicht nur Ihr Budget, sondern ist auch wiederverwendbar und somit eine nachhaltige Wahl f\u00fcr Ihre Bauanforderungen.<\/p><\/li><li><p><strong>Robust und zuverl\u00e4ssig:<\/strong> Unser Schalungssystem wird aus feinstem Stahl gefertigt und verspricht herausragende Haltbarkeit und Stabilit\u00e4t. Egal, ob Sie sich f\u00fcr leichte oder schwere St\u00fctzen entscheiden, das Flex-Table-Schalungssystem h\u00e4lt den Anforderungen jeder Baustelle stand und gew\u00e4hrleistet Sicherheit und Langlebigkeit.<\/p><\/li><li><p><strong>Vereinfachter Prozess:<\/strong> Dieses benutzerfreundliche System erm\u00f6glicht eine schnelle Montage und Demontage und spart so Zeit und Arbeitskosten. Sein intuitives Design ist sowohl f\u00fcr Anf\u00e4nger als auch f\u00fcr erfahrene Bauarbeiter perfekt geeignet.<\/p><\/li><\/ul><\/div>\n\t\t\t\t\t\t\t\t\t<div class=\"elementor-tab-title elementor-tab-mobile-title\" aria-selected=\"false\" data-tab=\"2\" role=\"tab\" tabindex=\"-1\" aria-controls=\"elementor-tab-content-1512\" aria-expanded=\"false\">Zertifizierung<\/div>\n\t\t\t\t\t<div id=\"elementor-tab-content-1512\" class=\"elementor-tab-content elementor-clearfix\" data-tab=\"2\" role=\"tabpanel\" aria-labelledby=\"elementor-tab-title-1512\" tabindex=\"0\" hidden=\"hidden\"><p>Qualit\u00e4t, Sicherheit und Kosteneffizienz sind unsere Verpflichtung. Wir sind ein aufrichtiger Partner f\u00fcr alle unsere Kunden, unabh\u00e4ngig von ihrer Gr\u00f6\u00dfe. Weltweit.<\/p><p><img decoding=\"async\" class=\"wp-image-3429 size-full aligncenter\" src=\"https:\/\/jumplyscaffolding.com\/wp-content\/uploads\/2021\/08\/Certificate.png\" alt=\"Zertifikat\" width=\"558\" height=\"453\" \/> <img decoding=\"async\" class=\"aligncenter wp-image-3430 size-full\" src=\"https:\/\/jumplyscaffolding.com\/wp-content\/uploads\/2021\/08\/Jumply-Certificate.png\" alt=\"Jumply-Zertifikat\" width=\"557\" height=\"226\" \/><\/p><\/div>\n\t\t\t\t\t\t\t\t\t<div class=\"elementor-tab-title elementor-tab-mobile-title\" aria-selected=\"false\" data-tab=\"3\" role=\"tab\" tabindex=\"-1\" aria-controls=\"elementor-tab-content-1513\" aria-expanded=\"false\">Flex Slab Tischschalungsprojekte<\/div>\n\t\t\t\t\t<div id=\"elementor-tab-content-1513\" class=\"elementor-tab-content elementor-clearfix\" data-tab=\"3\" role=\"tabpanel\" aria-labelledby=\"elementor-tab-title-1513\" tabindex=\"0\" hidden=\"hidden\"><p>Rapid steht bei unseren Bauprojekten f\u00fcr die Sicherheit und qualifizierte Flex Slab Table Formwork.<\/p><p>Platten und Balken in verschiedenen Arten von Geb\u00e4uden, Fabriken, Tanks, \u00dcberf\u00fchrungen und Br\u00fccken.<\/p><p><img loading=\"lazy\" decoding=\"async\" class=\"aligncenter wp-image-6399\" src=\"https:\/\/rapid-scafform.com\/wp-content\/uploads\/2024\/04\/3-300x198.jpg\" alt=\"H20 Deckentischschalungssystem\" width=\"500\" height=\"331\" srcset=\"https:\/\/rapid-scafform.com\/wp-content\/uploads\/2024\/04\/3-300x198.jpg 300w, https:\/\/rapid-scafform.com\/wp-content\/uploads\/2024\/04\/3-1024x677.jpg 1024w, https:\/\/rapid-scafform.com\/wp-content\/uploads\/2024\/04\/3-768x508.jpg 768w, https:\/\/rapid-scafform.com\/wp-content\/uploads\/2024\/04\/3-18x12.jpg 18w, https:\/\/rapid-scafform.com\/wp-content\/uploads\/2024\/04\/3-600x397.jpg 600w, https:\/\/rapid-scafform.com\/wp-content\/uploads\/2024\/04\/3.jpg 1240w\" sizes=\"(max-width: 500px) 100vw, 500px\" \/><\/p><p><img loading=\"lazy\" decoding=\"async\" class=\"aligncenter wp-image-6421\" src=\"https:\/\/rapid-scafform.com\/wp-content\/uploads\/2024\/04\/slab-formwork-300x200.jpg\" alt=\"Deckenschalung\" width=\"500\" height=\"333\" srcset=\"https:\/\/rapid-scafform.com\/wp-content\/uploads\/2024\/04\/slab-formwork-300x200.jpg 300w, https:\/\/rapid-scafform.com\/wp-content\/uploads\/2024\/04\/slab-formwork-768x512.jpg 768w, https:\/\/rapid-scafform.com\/wp-content\/uploads\/2024\/04\/slab-formwork-18x12.jpg 18w, https:\/\/rapid-scafform.com\/wp-content\/uploads\/2024\/04\/slab-formwork-600x400.jpg 600w, https:\/\/rapid-scafform.com\/wp-content\/uploads\/2024\/04\/slab-formwork.jpg 870w\" sizes=\"(max-width: 500px) 100vw, 500px\" \/><\/p><\/div>\n\t\t\t\t\t\t\t<\/div>\n\t\t<\/div>\n\t\t\t\t\t\t<\/div>\n\t\t\t\t<\/div>\n\t\t\t\t\t<\/div>\n\t\t<\/div>\n\t\t\t\t\t<\/div>\n\t\t<\/section>\n\t\t\t\t<\/div>","protected":false},"excerpt":{"rendered":"<p>Get a Quote Now! Flex Slab Table Formwork Discover the Flex-Table Formwork System: The Ultimate Solution for Slab Construction Elevate your construction projects with the Flex-table Formwork System, the most adaptable and cost-effective table formwork and slab formwork solution available today. Designed for versatility and efficiency, this system features high-quality tubular steel props, including Tripods, [&hellip;]<\/p>\n","protected":false},"author":1,"featured_media":0,"parent":0,"menu_order":0,"comment_status":"closed","ping_status":"closed","template":"","meta":{"_seopress_robots_primary_cat":"","_seopress_titles_title":"","_seopress_titles_desc":"","_seopress_robots_index":"","site-sidebar-layout":"no-sidebar","site-content-layout":null,"ast-site-content-layout":"full-width-container","site-content-style":"unboxed","site-sidebar-style":"unboxed","ast-global-header-display":"","ast-banner-title-visibility":"","ast-main-header-display":"","ast-hfb-above-header-display":"","ast-hfb-below-header-display":null,"ast-hfb-mobile-header-display":"","site-post-title":"disabled","ast-breadcrumbs-content":null,"ast-featured-img":"disabled","footer-sml-layout":"","ast-disable-related-posts":"","theme-transparent-header-meta":"","adv-header-id-meta":"","stick-header-meta":"","header-above-stick-meta":"","header-main-stick-meta":"","header-below-stick-meta":null,"astra-migrate-meta-layouts":"set","ast-page-background-enabled":"default","ast-page-background-meta":{"desktop":{"background-color":"","background-image":"","background-repeat":"repeat","background-position":"center center","background-size":"auto","background-attachment":"scroll","background-type":"","background-media":"","overlay-type":"","overlay-color":"","overlay-opacity":"","overlay-gradient":""},"tablet":{"background-color":"","background-image":"","background-repeat":"repeat","background-position":"center center","background-size":"auto","background-attachment":"scroll","background-type":"","background-media":"","overlay-type":"","overlay-color":"","overlay-opacity":"","overlay-gradient":""},"mobile":{"background-color":"","background-image":"","background-repeat":"repeat","background-position":"center center","background-size":"auto","background-attachment":"scroll","background-type":"","background-media":"","overlay-type":"","overlay-color":"","overlay-opacity":"","overlay-gradient":""}},"ast-content-background-meta":{"desktop":{"background-color":"var(--ast-global-color-5)","background-image":"","background-repeat":"repeat","background-position":"center center","background-size":"auto","background-attachment":"scroll","background-type":"","background-media":"","overlay-type":"","overlay-color":"","overlay-opacity":"","overlay-gradient":""},"tablet":{"background-color":"var(--ast-global-color-5)","background-image":"","background-repeat":"repeat","background-position":"center center","background-size":"auto","background-attachment":"scroll","background-type":"","background-media":"","overlay-type":"","overlay-color":"","overlay-opacity":"","overlay-gradient":""},"mobile":{"background-color":"var(--ast-global-color-5)","background-image":"","background-repeat":"repeat","background-position":"center center","background-size":"auto","background-attachment":"scroll","background-type":"","background-media":"","overlay-type":"","overlay-color":"","overlay-opacity":"","overlay-gradient":""}},"footnotes":""},"class_list":["post-6413","page","type-page","status-publish","hentry"],"_links":{"self":[{"href":"https:\/\/rapid-scafform.com\/de\/wp-json\/wp\/v2\/pages\/6413","targetHints":{"allow":["GET"]}}],"collection":[{"href":"https:\/\/rapid-scafform.com\/de\/wp-json\/wp\/v2\/pages"}],"about":[{"href":"https:\/\/rapid-scafform.com\/de\/wp-json\/wp\/v2\/types\/page"}],"author":[{"embeddable":true,"href":"https:\/\/rapid-scafform.com\/de\/wp-json\/wp\/v2\/users\/1"}],"replies":[{"embeddable":true,"href":"https:\/\/rapid-scafform.com\/de\/wp-json\/wp\/v2\/comments?post=6413"}],"version-history":[{"count":20,"href":"https:\/\/rapid-scafform.com\/de\/wp-json\/wp\/v2\/pages\/6413\/revisions"}],"predecessor-version":[{"id":7703,"href":"https:\/\/rapid-scafform.com\/de\/wp-json\/wp\/v2\/pages\/6413\/revisions\/7703"}],"wp:attachment":[{"href":"https:\/\/rapid-scafform.com\/de\/wp-json\/wp\/v2\/media?parent=6413"}],"curies":[{"name":"wp","href":"https:\/\/api.w.org\/{rel}","templated":true}]}}