{"id":9,"date":"2018-11-26T12:46:44","date_gmt":"2018-11-26T12:46:44","guid":{"rendered":"https:\/\/rapid-scafform.com\/projects\/"},"modified":"2023-08-13T15:56:59","modified_gmt":"2023-08-13T15:56:59","slug":"projekte","status":"publish","type":"page","link":"https:\/\/rapid-scafform.com\/de\/projects\/","title":{"rendered":"Projekte"},"content":{"rendered":"<div data-elementor-type=\"wp-post\" data-elementor-id=\"9\" class=\"elementor elementor-9\" data-elementor-post-type=\"page\">\n\t\t\t\t\t\t<section class=\"elementor-section elementor-top-section elementor-element elementor-element-7d0b1fd elementor-section-content-middle elementor-section-boxed elementor-section-height-default elementor-section-height-default\" data-id=\"7d0b1fd\" data-element_type=\"section\" data-e-type=\"section\" data-settings=\"{&quot;background_background&quot;:&quot;classic&quot;}\">\n\t\t\t\t\t\t\t<div class=\"elementor-background-overlay\"><\/div>\n\t\t\t\t\t\t\t<div class=\"elementor-container elementor-column-gap-no\">\n\t\t\t\t\t<div class=\"elementor-column elementor-col-100 elementor-top-column elementor-element elementor-element-2365ee4d\" data-id=\"2365ee4d\" data-element_type=\"column\" data-e-type=\"column\">\n\t\t\t<div class=\"elementor-widget-wrap elementor-element-populated\">\n\t\t\t\t\t\t<div class=\"elementor-element elementor-element-3e363d46 elementor-widget elementor-widget-heading\" data-id=\"3e363d46\" data-element_type=\"widget\" data-e-type=\"widget\" data-widget_type=\"heading.default\">\n\t\t\t\t<div class=\"elementor-widget-container\">\n\t\t\t\t\t<h1 class=\"elementor-heading-title elementor-size-default\">Projekte<\/h1>\t\t\t\t<\/div>\n\t\t\t\t<\/div>\n\t\t\t\t\t<\/div>\n\t\t<\/div>\n\t\t\t\t\t<\/div>\n\t\t<\/section>\n\t\t\t\t<section class=\"elementor-section elementor-top-section elementor-element elementor-element-7d0e2a8 elementor-section-boxed elementor-section-height-default elementor-section-height-default\" data-id=\"7d0e2a8\" data-element_type=\"section\" data-e-type=\"section\">\n\t\t\t\t\t\t<div class=\"elementor-container elementor-column-gap-default\">\n\t\t\t\t\t<div class=\"elementor-column elementor-col-100 elementor-top-column elementor-element elementor-element-60fc042\" data-id=\"60fc042\" data-element_type=\"column\" data-e-type=\"column\">\n\t\t\t<div class=\"elementor-widget-wrap elementor-element-populated\">\n\t\t\t\t\t\t<div class=\"elementor-element elementor-element-6961de7 elementor-widget elementor-widget-text-editor\" data-id=\"6961de7\" data-element_type=\"widget\" data-e-type=\"widget\" data-widget_type=\"text-editor.default\">\n\t\t\t\t<div class=\"elementor-widget-container\">\n\t\t\t\t\t\t\t\t\t<p>Willkommen auf der Projektseite von Rapid Scafform, einem f\u00fchrenden Anbieter in der Ger\u00fcstbaubranche. Inspiriert von Rapid Scaffold wollen wir erstklassige Dienstleistungen und Produkte liefern, um den unterschiedlichen Anforderungen verschiedener Branchen gerecht zu werden.<\/p><hr \/><h2>Angebotene Dienstleistungen<\/h2><ol><li><strong>Design &amp; Beratung<\/strong>: Wir bieten umfassende Design- und Beratungsdienste, einschlie\u00dflich Ger\u00fcstprodukten, Formenwerkzeugen und mehr.<\/li><li><strong>Anpassung und Produktion<\/strong>: Mit fortschrittlicher automatischer Ausr\u00fcstung bieten wir ma\u00dfgeschneiderte Ger\u00fcstl\u00f6sungen, die auf Ihre spezifischen Anforderungen zugeschnitten sind.<\/li><li><strong>Verk\u00e4ufe<\/strong>: Rapid Scafform richtet sich an verschiedene Branchen und bietet gezielte Optionen, um sicherzustellen, dass Ihre Anforderungen pr\u00e4zise erf\u00fcllt werden.<\/li><\/ol><hr \/><h2>unterst\u00fctzte Projekte<\/h2><ul><li>2014 Der 26. IAAF World Cup Race Walking-Stand<\/li><li>2013 FIVB Beach Volleyball World Tour Xiamen Stand<\/li><li>Tragger\u00fcst und Schalung der Hongkong-Zhuhai-Macau-Br\u00fccke<\/li><li>Verbauprojekte f\u00fcr den internationalen Flughafen Nanjing Lukou<\/li><li>Tragger\u00fcst f\u00fcr Autobahn in Suzhou<\/li><\/ul><hr \/><h2>Nachrichten Update<\/h2><ul><li><strong>Rapid Scaffolding gl\u00e4nzt auf der 133. Canton Fair<\/strong>: Die 133. Canton Fair verzeichnete mit \u00fcber 1,26 Millionen Teilnehmern eine beeindruckende Beteiligung.<\/li><li><strong>CECS-Update<\/strong>: Am 27. Oktober 2022 fand eine Arbeitssitzung zum Konsultationsentwurf statt.<\/li><li><strong>Kommende Teilnahme<\/strong>: Wuxi Rapid Scaffolding (Engineering) Co., Ltd. freut sich, seine Teilnahme an der kommenden 133. Canton Fair in Guangzhou bekannt zu geben.<\/li><\/ul>\t\t\t\t\t\t\t\t<\/div>\n\t\t\t\t<\/div>\n\t\t\t\t\t<\/div>\n\t\t<\/div>\n\t\t\t\t\t<\/div>\n\t\t<\/section>\n\t\t\t\t<section class=\"elementor-section elementor-top-section elementor-element elementor-element-424aa8f8 elementor-section-boxed elementor-section-height-default elementor-section-height-default\" data-id=\"424aa8f8\" data-element_type=\"section\" data-e-type=\"section\" data-settings=\"{&quot;background_background&quot;:&quot;classic&quot;}\">\n\t\t\t\t\t\t<div class=\"elementor-container elementor-column-gap-default\">\n\t\t\t\t\t<div class=\"elementor-column elementor-col-25 elementor-top-column elementor-element elementor-element-47dc678\" data-id=\"47dc678\" data-element_type=\"column\" data-e-type=\"column\">\n\t\t\t<div class=\"elementor-widget-wrap\">\n\t\t\t\t\t\t\t<\/div>\n\t\t<\/div>\n\t\t\t\t<div class=\"elementor-column elementor-col-25 elementor-top-column elementor-element elementor-element-404eac3f\" data-id=\"404eac3f\" data-element_type=\"column\" data-e-type=\"column\">\n\t\t\t<div class=\"elementor-widget-wrap elementor-element-populated\">\n\t\t\t\t\t\t<div class=\"elementor-element elementor-element-34975a22 elementor-widget elementor-widget-heading\" data-id=\"34975a22\" data-element_type=\"widget\" data-e-type=\"widget\" data-widget_type=\"heading.default\">\n\t\t\t\t<div class=\"elementor-widget-container\">\n\t\t\t\t\t<h3 class=\"elementor-heading-title elementor-size-default\">Ben\u00f6tigen Sie Hilfe bei einfacheren industriellen L\u00f6sungen? Wir sind Experten!<\/h3>\t\t\t\t<\/div>\n\t\t\t\t<\/div>\n\t\t\t\t\t<\/div>\n\t\t<\/div>\n\t\t\t\t<div class=\"elementor-column elementor-col-25 elementor-top-column elementor-element elementor-element-70e92261\" data-id=\"70e92261\" data-element_type=\"column\" data-e-type=\"column\">\n\t\t\t<div class=\"elementor-widget-wrap elementor-element-populated\">\n\t\t\t\t\t\t<div class=\"elementor-element elementor-element-78818cc6 elementor-align-center elementor-widget elementor-widget-button\" data-id=\"78818cc6\" data-element_type=\"widget\" data-e-type=\"widget\" data-widget_type=\"button.default\">\n\t\t\t\t<div class=\"elementor-widget-container\">\n\t\t\t\t\t\t\t\t\t<div class=\"elementor-button-wrapper\">\n\t\t\t\t\t<a class=\"elementor-button elementor-button-link elementor-size-sm\" href=\"#\">\n\t\t\t\t\t\t<span class=\"elementor-button-content-wrapper\">\n\t\t\t\t\t\t\t\t\t<span class=\"elementor-button-text\">Erfahren Sie mehr<\/span>\n\t\t\t\t\t<\/span>\n\t\t\t\t\t<\/a>\n\t\t\t\t<\/div>\n\t\t\t\t\t\t\t\t<\/div>\n\t\t\t\t<\/div>\n\t\t\t\t\t<\/div>\n\t\t<\/div>\n\t\t\t\t<div class=\"elementor-column elementor-col-25 elementor-top-column elementor-element elementor-element-32df6e90\" data-id=\"32df6e90\" data-element_type=\"column\" data-e-type=\"column\">\n\t\t\t<div class=\"elementor-widget-wrap\">\n\t\t\t\t\t\t\t<\/div>\n\t\t<\/div>\n\t\t\t\t\t<\/div>\n\t\t<\/section>\n\t\t\t\t<\/div>","protected":false},"excerpt":{"rendered":"<p>Projects Welcome to the project page for Rapid Scafform, a leading provider in the scaffolding industry. Drawing inspiration from Rapid Scaffold, we aim to deliver top-notch services and products to meet the diverse needs of various industries. Services Offered Design &amp; Consultation: We offer comprehensive design and consultation services, including scaffolding products, mold tooling, and [&hellip;]<\/p>\n","protected":false},"author":1,"featured_media":0,"parent":0,"menu_order":0,"comment_status":"closed","ping_status":"closed","template":"","meta":{"_seopress_robots_primary_cat":"","_seopress_titles_title":"","_seopress_titles_desc":"","_seopress_robots_index":"","site-sidebar-layout":"no-sidebar","site-content-layout":"page-builder","ast-site-content-layout":"default","site-content-style":"default","site-sidebar-style":"default","ast-global-header-display":"","ast-banner-title-visibility":"","ast-main-header-display":"","ast-hfb-above-header-display":"","ast-hfb-below-header-display":"","ast-hfb-mobile-header-display":"","site-post-title":"disabled","ast-breadcrumbs-content":"","ast-featured-img":"disabled","footer-sml-layout":"","ast-disable-related-posts":"","theme-transparent-header-meta":"enabled","adv-header-id-meta":"","stick-header-meta":"","header-above-stick-meta":"","header-main-stick-meta":"","header-below-stick-meta":"","astra-migrate-meta-layouts":"default","ast-page-background-enabled":"default","ast-page-background-meta":{"desktop":{"background-color":"","background-image":"","background-repeat":"repeat","background-position":"center center","background-size":"auto","background-attachment":"scroll","background-type":"","background-media":"","overlay-type":"","overlay-color":"","overlay-opacity":"","overlay-gradient":""},"tablet":{"background-color":"","background-image":"","background-repeat":"repeat","background-position":"center center","background-size":"auto","background-attachment":"scroll","background-type":"","background-media":"","overlay-type":"","overlay-color":"","overlay-opacity":"","overlay-gradient":""},"mobile":{"background-color":"","background-image":"","background-repeat":"repeat","background-position":"center center","background-size":"auto","background-attachment":"scroll","background-type":"","background-media":"","overlay-type":"","overlay-color":"","overlay-opacity":"","overlay-gradient":""}},"ast-content-background-meta":{"desktop":{"background-color":"var(--ast-global-color-5)","background-image":"","background-repeat":"repeat","background-position":"center center","background-size":"auto","background-attachment":"scroll","background-type":"","background-media":"","overlay-type":"","overlay-color":"","overlay-opacity":"","overlay-gradient":""},"tablet":{"background-color":"var(--ast-global-color-5)","background-image":"","background-repeat":"repeat","background-position":"center center","background-size":"auto","background-attachment":"scroll","background-type":"","background-media":"","overlay-type":"","overlay-color":"","overlay-opacity":"","overlay-gradient":""},"mobile":{"background-color":"var(--ast-global-color-5)","background-image":"","background-repeat":"repeat","background-position":"center center","background-size":"auto","background-attachment":"scroll","background-type":"","background-media":"","overlay-type":"","overlay-color":"","overlay-opacity":"","overlay-gradient":""}},"footnotes":""},"class_list":["post-9","page","type-page","status-publish","hentry"],"_links":{"self":[{"href":"https:\/\/rapid-scafform.com\/de\/wp-json\/wp\/v2\/pages\/9","targetHints":{"allow":["GET"]}}],"collection":[{"href":"https:\/\/rapid-scafform.com\/de\/wp-json\/wp\/v2\/pages"}],"about":[{"href":"https:\/\/rapid-scafform.com\/de\/wp-json\/wp\/v2\/types\/page"}],"author":[{"embeddable":true,"href":"https:\/\/rapid-scafform.com\/de\/wp-json\/wp\/v2\/users\/1"}],"replies":[{"embeddable":true,"href":"https:\/\/rapid-scafform.com\/de\/wp-json\/wp\/v2\/comments?post=9"}],"version-history":[{"count":0,"href":"https:\/\/rapid-scafform.com\/de\/wp-json\/wp\/v2\/pages\/9\/revisions"}],"wp:attachment":[{"href":"https:\/\/rapid-scafform.com\/de\/wp-json\/wp\/v2\/media?parent=9"}],"curies":[{"name":"wp","href":"https:\/\/api.w.org\/{rel}","templated":true}]}}