{"id":6413,"date":"2024-04-07T09:10:09","date_gmt":"2024-04-07T09:10:09","guid":{"rendered":"https:\/\/rapid-scafform.com\/?page_id=6413"},"modified":"2024-10-14T02:50:18","modified_gmt":"2024-10-14T02:50:18","slug":"coffrage-de-table-flexible","status":"publish","type":"page","link":"https:\/\/rapid-scafform.com\/fr\/flex-table-formwork\/","title":{"rendered":"Coffrage de table"},"content":{"rendered":"<div data-elementor-type=\"wp-page\" data-elementor-id=\"6413\" class=\"elementor elementor-6413\" data-elementor-post-type=\"page\">\n\t\t\t\t\t\t<section class=\"elementor-section elementor-top-section elementor-element elementor-element-5a96a468 elementor-section-boxed elementor-section-height-default elementor-section-height-default\" data-id=\"5a96a468\" data-element_type=\"section\" data-e-type=\"section\">\n\t\t\t\t\t\t<div class=\"elementor-container elementor-column-gap-default\">\n\t\t\t\t\t<div class=\"elementor-column elementor-col-50 elementor-top-column elementor-element elementor-element-49f0ebe\" data-id=\"49f0ebe\" data-element_type=\"column\" data-e-type=\"column\">\n\t\t\t<div class=\"elementor-widget-wrap elementor-element-populated\">\n\t\t\t\t\t\t<div class=\"elementor-element elementor-element-482829ac elementor-widget elementor-widget-image\" data-id=\"482829ac\" data-element_type=\"widget\" data-e-type=\"widget\" data-widget_type=\"image.default\">\n\t\t\t\t<div class=\"elementor-widget-container\">\n\t\t\t\t\t\t\t\t\t\t\t\t\t\t\t<img fetchpriority=\"high\" decoding=\"async\" width=\"768\" height=\"422\" src=\"https:\/\/rapid-scafform.com\/wp-content\/uploads\/2024\/04\/1-768x422.png\" class=\"attachment-medium_large size-medium_large wp-image-6383\" alt=\"Syst\u00e8me de coffrage \u00e0 table flexible\" srcset=\"https:\/\/rapid-scafform.com\/wp-content\/uploads\/2024\/04\/1-768x422.png 768w, https:\/\/rapid-scafform.com\/wp-content\/uploads\/2024\/04\/1-300x165.png 300w, https:\/\/rapid-scafform.com\/wp-content\/uploads\/2024\/04\/1-1024x562.png 1024w, https:\/\/rapid-scafform.com\/wp-content\/uploads\/2024\/04\/1-18x10.png 18w, https:\/\/rapid-scafform.com\/wp-content\/uploads\/2024\/04\/1-600x329.png 600w, https:\/\/rapid-scafform.com\/wp-content\/uploads\/2024\/04\/1.png 1206w\" sizes=\"(max-width: 768px) 100vw, 768px\" \/>\t\t\t\t\t\t\t\t\t\t\t\t\t\t\t<\/div>\n\t\t\t\t<\/div>\n\t\t\t\t<div class=\"elementor-element elementor-element-4a5f26b8 elementor-align-center elementor-widget elementor-widget-button\" data-id=\"4a5f26b8\" data-element_type=\"widget\" data-e-type=\"widget\" data-widget_type=\"button.default\">\n\t\t\t\t<div class=\"elementor-widget-container\">\n\t\t\t\t\t\t\t\t\t<div class=\"elementor-button-wrapper\">\n\t\t\t\t\t<a class=\"elementor-button elementor-button-link elementor-size-sm\" href=\"#elementor-action%3Aaction%3Dpopup%3Aopen%26settings%3DeyJpZCI6IjczOTkiLCJ0b2dnbGUiOmZhbHNlfQ%3D%3D\">\n\t\t\t\t\t\t<span class=\"elementor-button-content-wrapper\">\n\t\t\t\t\t\t\t\t\t<span class=\"elementor-button-text\">Obtenez un devis maintenant\u00a0!<\/span>\n\t\t\t\t\t<\/span>\n\t\t\t\t\t<\/a>\n\t\t\t\t<\/div>\n\t\t\t\t\t\t\t\t<\/div>\n\t\t\t\t<\/div>\n\t\t\t\t\t<\/div>\n\t\t<\/div>\n\t\t\t\t<div class=\"elementor-column elementor-col-50 elementor-top-column elementor-element elementor-element-594e3223\" data-id=\"594e3223\" data-element_type=\"column\" data-e-type=\"column\">\n\t\t\t<div class=\"elementor-widget-wrap elementor-element-populated\">\n\t\t\t\t\t\t<div class=\"elementor-element elementor-element-1f4a347e elementor-widget elementor-widget-heading\" data-id=\"1f4a347e\" data-element_type=\"widget\" data-e-type=\"widget\" data-widget_type=\"heading.default\">\n\t\t\t\t<div class=\"elementor-widget-container\">\n\t\t\t\t\t<h1 class=\"elementor-heading-title elementor-size-default\">Table de coffrage pour dalles flexibles<\/h1>\t\t\t\t<\/div>\n\t\t\t\t<\/div>\n\t\t\t\t<div class=\"elementor-element elementor-element-1e085ca7 elementor-widget elementor-widget-text-editor\" data-id=\"1e085ca7\" data-element_type=\"widget\" data-e-type=\"widget\" data-widget_type=\"text-editor.default\">\n\t\t\t\t<div class=\"elementor-widget-container\">\n\t\t\t\t\t\t\t\t\t<p><strong>D\u00e9couvrez le syst\u00e8me de coffrage Flex-Table : la solution ultime pour la construction de dalles<\/strong><\/p><p>Donnez un nouveau souffle \u00e0 vos projets de construction avec le syst\u00e8me de coffrage de table Flex, la solution de coffrage de table et de coffrage de dalle la plus adaptable et la plus rentable disponible aujourd&#039;hui. Con\u00e7u pour la polyvalence et l&#039;efficacit\u00e9, ce syst\u00e8me comprend des \u00e9tais en acier tubulaire de haute qualit\u00e9, notamment des tr\u00e9pieds, des t\u00eates \u00e0 quatre voies, des poutres en bois H20 et des feuilles de contreplaqu\u00e9, pouvant accueillir des hauteurs libres jusqu&#039;\u00e0 5,90 m.<\/p>\t\t\t\t\t\t\t\t<\/div>\n\t\t\t\t<\/div>\n\t\t\t\t\t<\/div>\n\t\t<\/div>\n\t\t\t\t\t<\/div>\n\t\t<\/section>\n\t\t\t\t<section class=\"elementor-section elementor-top-section elementor-element elementor-element-630a5f84 elementor-section-boxed elementor-section-height-default elementor-section-height-default\" data-id=\"630a5f84\" data-element_type=\"section\" data-e-type=\"section\">\n\t\t\t\t\t\t<div class=\"elementor-container elementor-column-gap-default\">\n\t\t\t\t\t<div class=\"elementor-column elementor-col-50 elementor-top-column elementor-element elementor-element-248b02bd\" data-id=\"248b02bd\" data-element_type=\"column\" data-e-type=\"column\">\n\t\t\t<div class=\"elementor-widget-wrap elementor-element-populated\">\n\t\t\t\t\t\t<div class=\"elementor-element elementor-element-5faa738b elementor-widget elementor-widget-heading\" data-id=\"5faa738b\" data-element_type=\"widget\" data-e-type=\"widget\" data-widget_type=\"heading.default\">\n\t\t\t\t<div class=\"elementor-widget-container\">\n\t\t\t\t\t<h2 class=\"elementor-heading-title elementor-size-default\">Projet de coffrage de table pour dalles flexibles\n<\/h2>\t\t\t\t<\/div>\n\t\t\t\t<\/div>\n\t\t\t\t<div class=\"elementor-element elementor-element-7935274b elementor-widget elementor-widget-gallery\" data-id=\"7935274b\" data-element_type=\"widget\" data-e-type=\"widget\" data-settings=\"{&quot;columns&quot;:2,&quot;aspect_ratio&quot;:&quot;4:3&quot;,&quot;lazyload&quot;:&quot;yes&quot;,&quot;gallery_layout&quot;:&quot;grid&quot;,&quot;columns_tablet&quot;:2,&quot;columns_mobile&quot;:1,&quot;gap&quot;:{&quot;unit&quot;:&quot;px&quot;,&quot;size&quot;:10,&quot;sizes&quot;:[]},&quot;gap_tablet&quot;:{&quot;unit&quot;:&quot;px&quot;,&quot;size&quot;:10,&quot;sizes&quot;:[]},&quot;gap_mobile&quot;:{&quot;unit&quot;:&quot;px&quot;,&quot;size&quot;:10,&quot;sizes&quot;:[]},&quot;content_hover_animation&quot;:&quot;fade-in&quot;}\" data-widget_type=\"gallery.default\">\n\t\t\t\t<div class=\"elementor-widget-container\">\n\t\t\t\t\t\t\t<div class=\"elementor-gallery__container\">\n\t\t\t\t\t\t\t<div class=\"e-gallery-item elementor-gallery-item elementor-animated-content\">\n\t\t\t\t\t<div class=\"e-gallery-image elementor-gallery-item__image\" data-thumbnail=\"https:\/\/rapid-scafform.com\/wp-content\/uploads\/2024\/04\/slab-formwork-768x512.jpg\" data-width=\"768\" data-height=\"512\" aria-label=\"coffrage de dalle\" role=\"img\" ><\/div>\n\t\t\t\t\t\t\t\t\t\t\t\t\t\t<\/div>\n\t\t\t\t\t\t\t<div class=\"e-gallery-item elementor-gallery-item elementor-animated-content\">\n\t\t\t\t\t<div class=\"e-gallery-image elementor-gallery-item__image\" data-thumbnail=\"https:\/\/rapid-scafform.com\/wp-content\/uploads\/2024\/04\/3-768x508.jpg\" data-width=\"768\" data-height=\"508\" aria-label=\"Syst\u00e8me de coffrage de table pour dalles H20\" role=\"img\" ><\/div>\n\t\t\t\t\t\t\t\t\t\t\t\t\t\t<\/div>\n\t\t\t\t\t\t\t<div class=\"e-gallery-item elementor-gallery-item elementor-animated-content\">\n\t\t\t\t\t<div class=\"e-gallery-image elementor-gallery-item__image\" data-thumbnail=\"https:\/\/rapid-scafform.com\/wp-content\/uploads\/2024\/04\/2.png\" data-width=\"722\" data-height=\"569\" aria-label=\"Syst\u00e8me de coffrage de table pour dalles H20\" role=\"img\" ><\/div>\n\t\t\t\t\t\t\t\t\t\t\t\t\t\t<\/div>\n\t\t\t\t\t\t\t<div class=\"e-gallery-item elementor-gallery-item elementor-animated-content\">\n\t\t\t\t\t<div class=\"e-gallery-image elementor-gallery-item__image\" data-thumbnail=\"https:\/\/rapid-scafform.com\/wp-content\/uploads\/2024\/04\/1-1-768x510.jpg\" data-width=\"768\" data-height=\"510\" aria-label=\"Coffrage de table pour dalles H20\" role=\"img\" ><\/div>\n\t\t\t\t\t\t\t\t\t\t\t\t\t\t<\/div>\n\t\t\t\t\t<\/div>\n\t\t\t\t\t<\/div>\n\t\t\t\t<\/div>\n\t\t\t\t\t<\/div>\n\t\t<\/div>\n\t\t\t\t<div class=\"elementor-column elementor-col-50 elementor-top-column elementor-element elementor-element-148312d1\" data-id=\"148312d1\" data-element_type=\"column\" data-e-type=\"column\">\n\t\t\t<div class=\"elementor-widget-wrap elementor-element-populated\">\n\t\t\t\t\t\t<div class=\"elementor-element elementor-element-421e4574 elementor-widget elementor-widget-text-editor\" data-id=\"421e4574\" data-element_type=\"widget\" data-e-type=\"widget\" data-widget_type=\"text-editor.default\">\n\t\t\t\t<div class=\"elementor-widget-container\">\n\t\t\t\t\t\t\t\t\t<h3 style=\"text-align: center;\">Pourquoi Rapide ?<\/h3><p>\u2022<strong>Polyvalence<\/strong>:Convient \u00e0 une large gamme de projets, des immeubles de grande hauteur aux ponts. \u2022 <strong>Finitions de qualit\u00e9<\/strong>:Garantit une qualit\u00e9 de surface de b\u00e9ton sup\u00e9rieure.<br \/>\u2022 <strong>Technologie d&#039;escalade automatique<\/strong>:Offre une construction en hauteur plus s\u00fbre et sans grue.<br \/>\u2022 <strong>Efficacit\u00e9 \u00e9conomique<\/strong>:\u00c9quilibre entre rentabilit\u00e9 et s\u00e9curit\u00e9.<br \/>\u2022 <strong>Capacit\u00e9 de charge robuste<\/strong>: Assure la fiabilit\u00e9 sous des pressions de b\u00e9ton \u00e9lev\u00e9es.<br \/>\u2022<strong>Solutions personnalis\u00e9es<\/strong>:S&#039;adapte aux besoins sp\u00e9cifiques du projet gr\u00e2ce \u00e0 des syst\u00e8mes ajustables.<br \/>\u2022 <strong>Assistance d&#039;experts<\/strong>:Fournit des conseils et des services exp\u00e9riment\u00e9s.<br \/>\u2022 <strong>Conformit\u00e9 aux normes<\/strong>:Conforme aux normes internationales de s\u00e9curit\u00e9 et de qualit\u00e9.<br \/>\u2022 <strong>Durabilit\u00e9<\/strong>:Met l\u2019accent sur les mat\u00e9riaux r\u00e9utilisables pour un impact environnemental moindre.<\/p>\t\t\t\t\t\t\t\t<\/div>\n\t\t\t\t<\/div>\n\t\t\t\t\t<\/div>\n\t\t<\/div>\n\t\t\t\t\t<\/div>\n\t\t<\/section>\n\t\t\t\t<section class=\"elementor-section elementor-top-section elementor-element elementor-element-7708181a elementor-section-boxed elementor-section-height-default elementor-section-height-default\" data-id=\"7708181a\" data-element_type=\"section\" data-e-type=\"section\">\n\t\t\t\t\t\t<div class=\"elementor-container elementor-column-gap-default\">\n\t\t\t\t\t<div class=\"elementor-column elementor-col-100 elementor-top-column elementor-element elementor-element-75f871b7\" data-id=\"75f871b7\" data-element_type=\"column\" data-e-type=\"column\">\n\t\t\t<div class=\"elementor-widget-wrap elementor-element-populated\">\n\t\t\t\t\t\t<div class=\"elementor-element elementor-element-19fe2a18 elementor-align-center elementor-widget elementor-widget-button\" data-id=\"19fe2a18\" data-element_type=\"widget\" data-e-type=\"widget\" data-widget_type=\"button.default\">\n\t\t\t\t<div class=\"elementor-widget-container\">\n\t\t\t\t\t\t\t\t\t<div class=\"elementor-button-wrapper\">\n\t\t\t\t\t<a class=\"elementor-button elementor-button-link elementor-size-sm\" href=\"#elementor-action%3Aaction%3Dpopup%3Aopen%26settings%3DeyJpZCI6IjczOTkiLCJ0b2dnbGUiOmZhbHNlfQ%3D%3D\">\n\t\t\t\t\t\t<span class=\"elementor-button-content-wrapper\">\n\t\t\t\t\t\t\t\t\t<span class=\"elementor-button-text\">Obtenez un devis maintenant\u00a0!<\/span>\n\t\t\t\t\t<\/span>\n\t\t\t\t\t<\/a>\n\t\t\t\t<\/div>\n\t\t\t\t\t\t\t\t<\/div>\n\t\t\t\t<\/div>\n\t\t\t\t\t<\/div>\n\t\t<\/div>\n\t\t\t\t\t<\/div>\n\t\t<\/section>\n\t\t\t\t<section class=\"elementor-section elementor-top-section elementor-element elementor-element-4ddc8da7 elementor-section-boxed elementor-section-height-default elementor-section-height-default\" data-id=\"4ddc8da7\" data-element_type=\"section\" data-e-type=\"section\">\n\t\t\t\t\t\t<div class=\"elementor-container elementor-column-gap-default\">\n\t\t\t\t\t<div class=\"elementor-column elementor-col-100 elementor-top-column elementor-element elementor-element-3916032b\" data-id=\"3916032b\" data-element_type=\"column\" data-e-type=\"column\">\n\t\t\t<div class=\"elementor-widget-wrap elementor-element-populated\">\n\t\t\t\t\t\t<div class=\"elementor-element elementor-element-5a3a33f3 elementor-tabs-view-horizontal elementor-widget elementor-widget-tabs\" data-id=\"5a3a33f3\" data-element_type=\"widget\" data-e-type=\"widget\" data-widget_type=\"tabs.default\">\n\t\t\t\t<div class=\"elementor-widget-container\">\n\t\t\t\t\t\t\t<div class=\"elementor-tabs\">\n\t\t\t<div class=\"elementor-tabs-wrapper\" role=\"tablist\" >\n\t\t\t\t\t\t\t\t\t<div id=\"elementor-tab-title-1511\" class=\"elementor-tab-title elementor-tab-desktop-title\" aria-selected=\"true\" data-tab=\"1\" role=\"tab\" tabindex=\"0\" aria-controls=\"elementor-tab-content-1511\" aria-expanded=\"false\">Pr\u00e9sentation du coffrage de table pour dalles flexibles<\/div>\n\t\t\t\t\t\t\t\t\t<div id=\"elementor-tab-title-1512\" class=\"elementor-tab-title elementor-tab-desktop-title\" aria-selected=\"false\" data-tab=\"2\" role=\"tab\" tabindex=\"-1\" aria-controls=\"elementor-tab-content-1512\" aria-expanded=\"false\">Certificat<\/div>\n\t\t\t\t\t\t\t\t\t<div id=\"elementor-tab-title-1513\" class=\"elementor-tab-title elementor-tab-desktop-title\" aria-selected=\"false\" data-tab=\"3\" role=\"tab\" tabindex=\"-1\" aria-controls=\"elementor-tab-content-1513\" aria-expanded=\"false\">Projets de coffrage de table pour dalles flexibles<\/div>\n\t\t\t\t\t\t\t<\/div>\n\t\t\t<div class=\"elementor-tabs-content-wrapper\" role=\"tablist\" aria-orientation=\"vertical\">\n\t\t\t\t\t\t\t\t\t<div class=\"elementor-tab-title elementor-tab-mobile-title\" aria-selected=\"true\" data-tab=\"1\" role=\"tab\" tabindex=\"0\" aria-controls=\"elementor-tab-content-1511\" aria-expanded=\"false\">Pr\u00e9sentation du coffrage de table pour dalles flexibles<\/div>\n\t\t\t\t\t<div id=\"elementor-tab-content-1511\" class=\"elementor-tab-content elementor-clearfix\" data-tab=\"1\" role=\"tabpanel\" aria-labelledby=\"elementor-tab-title-1511\" tabindex=\"0\" hidden=\"false\"><ul><li><p><strong>Flexibilit\u00e9 in\u00e9gal\u00e9e :<\/strong> Sans contraintes de dimensions modulaires, le syst\u00e8me de coffrage Flex-table excelle dans tous les environnements, supportant tous les types de dalles et s&#039;adaptant \u00e0 toutes les configurations g\u00e9om\u00e9triques. Dites adieu \u00e0 la rigidit\u00e9 des syst\u00e8mes traditionnels et adoptez une flexibilit\u00e9 maximale.<\/p><\/li><li><p><strong>Economique et efficace :<\/strong> R\u00e9duisez vos co\u00fbts de mat\u00e9riaux sans sacrifier la qualit\u00e9. Id\u00e9al pour les r\u00e9gions o\u00f9 les niveaux de salaires sont variables, le syst\u00e8me de coffrage Flex-table est non seulement \u00e9conomique, mais \u00e9galement r\u00e9utilisable, ce qui en fait un choix durable pour vos besoins de construction.<\/p><\/li><li><p><strong>Robuste et fiable :<\/strong> Fabriqu\u00e9 \u00e0 partir de l&#039;acier le plus fin, notre syst\u00e8me de coffrage promet une durabilit\u00e9 et une stabilit\u00e9 exceptionnelles. Que vous optiez pour des \u00e9tais l\u00e9gers ou robustes, le syst\u00e8me de coffrage Flex-table r\u00e9siste aux exigences de tout chantier de construction, garantissant s\u00e9curit\u00e9 et long\u00e9vit\u00e9.<\/p><\/li><li><p><strong>Processus simplifi\u00e9 :<\/strong> Con\u00e7u pour une utilisation facile, ce syst\u00e8me permet un montage et un d\u00e9montage rapides, \u00e9conomisant ainsi du temps et des co\u00fbts de main-d&#039;\u0153uvre. Sa conception intuitive est parfaite pour les constructeurs novices et exp\u00e9riment\u00e9s.<\/p><\/li><\/ul><\/div>\n\t\t\t\t\t\t\t\t\t<div class=\"elementor-tab-title elementor-tab-mobile-title\" aria-selected=\"false\" data-tab=\"2\" role=\"tab\" tabindex=\"-1\" aria-controls=\"elementor-tab-content-1512\" aria-expanded=\"false\">Certificat<\/div>\n\t\t\t\t\t<div id=\"elementor-tab-content-1512\" class=\"elementor-tab-content elementor-clearfix\" data-tab=\"2\" role=\"tabpanel\" aria-labelledby=\"elementor-tab-title-1512\" tabindex=\"0\" hidden=\"hidden\"><p>Qualit\u00e9, s\u00e9curit\u00e9 et rentabilit\u00e9 sont nos engagements. Nous sommes un partenaire sinc\u00e8re pour tous nos clients, quelle que soit leur taille. Dans le monde entier.<\/p><p><img decoding=\"async\" class=\"wp-image-3429 size-full aligncenter\" src=\"https:\/\/jumplyscaffolding.com\/wp-content\/uploads\/2021\/08\/Certificate.png\" alt=\"Certificat\" width=\"558\" height=\"453\" \/> <img decoding=\"async\" class=\"aligncenter wp-image-3430 size-full\" src=\"https:\/\/jumplyscaffolding.com\/wp-content\/uploads\/2021\/08\/Jumply-Certificate.png\" alt=\"Certificat Jumply\" width=\"557\" height=\"226\" \/><\/p><\/div>\n\t\t\t\t\t\t\t\t\t<div class=\"elementor-tab-title elementor-tab-mobile-title\" aria-selected=\"false\" data-tab=\"3\" role=\"tab\" tabindex=\"-1\" aria-controls=\"elementor-tab-content-1513\" aria-expanded=\"false\">Projets de coffrage de table pour dalles flexibles<\/div>\n\t\t\t\t\t<div id=\"elementor-tab-content-1513\" class=\"elementor-tab-content elementor-clearfix\" data-tab=\"3\" role=\"tabpanel\" aria-labelledby=\"elementor-tab-title-1513\" tabindex=\"0\" hidden=\"hidden\"><p>Rapid repr\u00e9sente la s\u00e9curit\u00e9 et la qualification des coffrages de table pour dalles flexibles dans le cadre de nos projets de construction.<\/p><p>Dalles et poutres dans divers types de b\u00e2timents, usines, r\u00e9servoirs et routes a\u00e9riennes, ponts.<\/p><p><img loading=\"lazy\" decoding=\"async\" class=\"aligncenter wp-image-6399\" src=\"https:\/\/rapid-scafform.com\/wp-content\/uploads\/2024\/04\/3-300x198.jpg\" alt=\"Syst\u00e8me de coffrage de table pour dalles H20\" width=\"500\" height=\"331\" srcset=\"https:\/\/rapid-scafform.com\/wp-content\/uploads\/2024\/04\/3-300x198.jpg 300w, https:\/\/rapid-scafform.com\/wp-content\/uploads\/2024\/04\/3-1024x677.jpg 1024w, https:\/\/rapid-scafform.com\/wp-content\/uploads\/2024\/04\/3-768x508.jpg 768w, https:\/\/rapid-scafform.com\/wp-content\/uploads\/2024\/04\/3-18x12.jpg 18w, https:\/\/rapid-scafform.com\/wp-content\/uploads\/2024\/04\/3-600x397.jpg 600w, https:\/\/rapid-scafform.com\/wp-content\/uploads\/2024\/04\/3.jpg 1240w\" sizes=\"(max-width: 500px) 100vw, 500px\" \/><\/p><p><img loading=\"lazy\" decoding=\"async\" class=\"aligncenter wp-image-6421\" src=\"https:\/\/rapid-scafform.com\/wp-content\/uploads\/2024\/04\/slab-formwork-300x200.jpg\" alt=\"coffrage de dalle\" width=\"500\" height=\"333\" srcset=\"https:\/\/rapid-scafform.com\/wp-content\/uploads\/2024\/04\/slab-formwork-300x200.jpg 300w, https:\/\/rapid-scafform.com\/wp-content\/uploads\/2024\/04\/slab-formwork-768x512.jpg 768w, https:\/\/rapid-scafform.com\/wp-content\/uploads\/2024\/04\/slab-formwork-18x12.jpg 18w, https:\/\/rapid-scafform.com\/wp-content\/uploads\/2024\/04\/slab-formwork-600x400.jpg 600w, https:\/\/rapid-scafform.com\/wp-content\/uploads\/2024\/04\/slab-formwork.jpg 870w\" sizes=\"(max-width: 500px) 100vw, 500px\" \/><\/p><\/div>\n\t\t\t\t\t\t\t<\/div>\n\t\t<\/div>\n\t\t\t\t\t\t<\/div>\n\t\t\t\t<\/div>\n\t\t\t\t\t<\/div>\n\t\t<\/div>\n\t\t\t\t\t<\/div>\n\t\t<\/section>\n\t\t\t\t<\/div>","protected":false},"excerpt":{"rendered":"<p>Get a Quote Now! Flex Slab Table Formwork Discover the Flex-Table Formwork System: The Ultimate Solution for Slab Construction Elevate your construction projects with the Flex-table Formwork System, the most adaptable and cost-effective table formwork and slab formwork solution available today. Designed for versatility and efficiency, this system features high-quality tubular steel props, including Tripods, [&hellip;]<\/p>\n","protected":false},"author":1,"featured_media":0,"parent":0,"menu_order":0,"comment_status":"closed","ping_status":"closed","template":"","meta":{"_seopress_robots_primary_cat":"","_seopress_titles_title":"","_seopress_titles_desc":"","_seopress_robots_index":"","site-sidebar-layout":"no-sidebar","site-content-layout":null,"ast-site-content-layout":"full-width-container","site-content-style":"unboxed","site-sidebar-style":"unboxed","ast-global-header-display":"","ast-banner-title-visibility":"","ast-main-header-display":"","ast-hfb-above-header-display":"","ast-hfb-below-header-display":null,"ast-hfb-mobile-header-display":"","site-post-title":"disabled","ast-breadcrumbs-content":null,"ast-featured-img":"disabled","footer-sml-layout":"","ast-disable-related-posts":"","theme-transparent-header-meta":"","adv-header-id-meta":"","stick-header-meta":"","header-above-stick-meta":"","header-main-stick-meta":"","header-below-stick-meta":null,"astra-migrate-meta-layouts":"set","ast-page-background-enabled":"default","ast-page-background-meta":{"desktop":{"background-color":"","background-image":"","background-repeat":"repeat","background-position":"center center","background-size":"auto","background-attachment":"scroll","background-type":"","background-media":"","overlay-type":"","overlay-color":"","overlay-opacity":"","overlay-gradient":""},"tablet":{"background-color":"","background-image":"","background-repeat":"repeat","background-position":"center center","background-size":"auto","background-attachment":"scroll","background-type":"","background-media":"","overlay-type":"","overlay-color":"","overlay-opacity":"","overlay-gradient":""},"mobile":{"background-color":"","background-image":"","background-repeat":"repeat","background-position":"center center","background-size":"auto","background-attachment":"scroll","background-type":"","background-media":"","overlay-type":"","overlay-color":"","overlay-opacity":"","overlay-gradient":""}},"ast-content-background-meta":{"desktop":{"background-color":"var(--ast-global-color-5)","background-image":"","background-repeat":"repeat","background-position":"center center","background-size":"auto","background-attachment":"scroll","background-type":"","background-media":"","overlay-type":"","overlay-color":"","overlay-opacity":"","overlay-gradient":""},"tablet":{"background-color":"var(--ast-global-color-5)","background-image":"","background-repeat":"repeat","background-position":"center center","background-size":"auto","background-attachment":"scroll","background-type":"","background-media":"","overlay-type":"","overlay-color":"","overlay-opacity":"","overlay-gradient":""},"mobile":{"background-color":"var(--ast-global-color-5)","background-image":"","background-repeat":"repeat","background-position":"center center","background-size":"auto","background-attachment":"scroll","background-type":"","background-media":"","overlay-type":"","overlay-color":"","overlay-opacity":"","overlay-gradient":""}},"footnotes":""},"class_list":["post-6413","page","type-page","status-publish","hentry"],"_links":{"self":[{"href":"https:\/\/rapid-scafform.com\/fr\/wp-json\/wp\/v2\/pages\/6413","targetHints":{"allow":["GET"]}}],"collection":[{"href":"https:\/\/rapid-scafform.com\/fr\/wp-json\/wp\/v2\/pages"}],"about":[{"href":"https:\/\/rapid-scafform.com\/fr\/wp-json\/wp\/v2\/types\/page"}],"author":[{"embeddable":true,"href":"https:\/\/rapid-scafform.com\/fr\/wp-json\/wp\/v2\/users\/1"}],"replies":[{"embeddable":true,"href":"https:\/\/rapid-scafform.com\/fr\/wp-json\/wp\/v2\/comments?post=6413"}],"version-history":[{"count":20,"href":"https:\/\/rapid-scafform.com\/fr\/wp-json\/wp\/v2\/pages\/6413\/revisions"}],"predecessor-version":[{"id":7703,"href":"https:\/\/rapid-scafform.com\/fr\/wp-json\/wp\/v2\/pages\/6413\/revisions\/7703"}],"wp:attachment":[{"href":"https:\/\/rapid-scafform.com\/fr\/wp-json\/wp\/v2\/media?parent=6413"}],"curies":[{"name":"wp","href":"https:\/\/api.w.org\/{rel}","templated":true}]}}