{"id":6413,"date":"2024-04-07T09:10:09","date_gmt":"2024-04-07T09:10:09","guid":{"rendered":"https:\/\/rapid-scafform.com\/?page_id=6413"},"modified":"2024-10-14T02:50:18","modified_gmt":"2024-10-14T02:50:18","slug":"forma-de-mesa-flexivel","status":"publish","type":"page","link":"https:\/\/rapid-scafform.com\/pt\/flex-table-formwork\/","title":{"rendered":"Cofragem de mesa"},"content":{"rendered":"<div data-elementor-type=\"wp-page\" data-elementor-id=\"6413\" class=\"elementor elementor-6413\" data-elementor-post-type=\"page\">\n\t\t\t\t\t\t<section class=\"elementor-section elementor-top-section elementor-element elementor-element-5a96a468 elementor-section-boxed elementor-section-height-default elementor-section-height-default\" data-id=\"5a96a468\" data-element_type=\"section\" data-e-type=\"section\">\n\t\t\t\t\t\t<div class=\"elementor-container elementor-column-gap-default\">\n\t\t\t\t\t<div class=\"elementor-column elementor-col-50 elementor-top-column elementor-element elementor-element-49f0ebe\" data-id=\"49f0ebe\" data-element_type=\"column\" data-e-type=\"column\">\n\t\t\t<div class=\"elementor-widget-wrap elementor-element-populated\">\n\t\t\t\t\t\t<div class=\"elementor-element elementor-element-482829ac elementor-widget elementor-widget-image\" data-id=\"482829ac\" data-element_type=\"widget\" data-e-type=\"widget\" data-widget_type=\"image.default\">\n\t\t\t\t<div class=\"elementor-widget-container\">\n\t\t\t\t\t\t\t\t\t\t\t\t\t\t\t<img fetchpriority=\"high\" decoding=\"async\" width=\"768\" height=\"422\" src=\"https:\/\/rapid-scafform.com\/wp-content\/uploads\/2024\/04\/1-768x422.png\" class=\"attachment-medium_large size-medium_large wp-image-6383\" alt=\"Sistema de cofragem Flex-table\" srcset=\"https:\/\/rapid-scafform.com\/wp-content\/uploads\/2024\/04\/1-768x422.png 768w, https:\/\/rapid-scafform.com\/wp-content\/uploads\/2024\/04\/1-300x165.png 300w, https:\/\/rapid-scafform.com\/wp-content\/uploads\/2024\/04\/1-1024x562.png 1024w, https:\/\/rapid-scafform.com\/wp-content\/uploads\/2024\/04\/1-18x10.png 18w, https:\/\/rapid-scafform.com\/wp-content\/uploads\/2024\/04\/1-600x329.png 600w, https:\/\/rapid-scafform.com\/wp-content\/uploads\/2024\/04\/1.png 1206w\" sizes=\"(max-width: 768px) 100vw, 768px\" \/>\t\t\t\t\t\t\t\t\t\t\t\t\t\t\t<\/div>\n\t\t\t\t<\/div>\n\t\t\t\t<div class=\"elementor-element elementor-element-4a5f26b8 elementor-align-center elementor-widget elementor-widget-button\" data-id=\"4a5f26b8\" data-element_type=\"widget\" data-e-type=\"widget\" data-widget_type=\"button.default\">\n\t\t\t\t<div class=\"elementor-widget-container\">\n\t\t\t\t\t\t\t\t\t<div class=\"elementor-button-wrapper\">\n\t\t\t\t\t<a class=\"elementor-button elementor-button-link elementor-size-sm\" href=\"#elementor-action%3Aaction%3Dpopup%3Aopen%26settings%3DeyJpZCI6IjczOTkiLCJ0b2dnbGUiOmZhbHNlfQ%3D%3D\">\n\t\t\t\t\t\t<span class=\"elementor-button-content-wrapper\">\n\t\t\t\t\t\t\t\t\t<span class=\"elementor-button-text\">Fa\u00e7a uma cota\u00e7\u00e3o agora!<\/span>\n\t\t\t\t\t<\/span>\n\t\t\t\t\t<\/a>\n\t\t\t\t<\/div>\n\t\t\t\t\t\t\t\t<\/div>\n\t\t\t\t<\/div>\n\t\t\t\t\t<\/div>\n\t\t<\/div>\n\t\t\t\t<div class=\"elementor-column elementor-col-50 elementor-top-column elementor-element elementor-element-594e3223\" data-id=\"594e3223\" data-element_type=\"column\" data-e-type=\"column\">\n\t\t\t<div class=\"elementor-widget-wrap elementor-element-populated\">\n\t\t\t\t\t\t<div class=\"elementor-element elementor-element-1f4a347e elementor-widget elementor-widget-heading\" data-id=\"1f4a347e\" data-element_type=\"widget\" data-e-type=\"widget\" data-widget_type=\"heading.default\">\n\t\t\t\t<div class=\"elementor-widget-container\">\n\t\t\t\t\t<h1 class=\"elementor-heading-title elementor-size-default\">F\u00f4rma para mesa de laje flex\u00edvel<\/h1>\t\t\t\t<\/div>\n\t\t\t\t<\/div>\n\t\t\t\t<div class=\"elementor-element elementor-element-1e085ca7 elementor-widget elementor-widget-text-editor\" data-id=\"1e085ca7\" data-element_type=\"widget\" data-e-type=\"widget\" data-widget_type=\"text-editor.default\">\n\t\t\t\t<div class=\"elementor-widget-container\">\n\t\t\t\t\t\t\t\t\t<p><strong>Descubra o sistema de f\u00f4rma Flex-Table: a solu\u00e7\u00e3o definitiva para constru\u00e7\u00e3o de lajes<\/strong><\/p><p>Eleve seus projetos de constru\u00e7\u00e3o com o Flex-table Formwork System, a solu\u00e7\u00e3o de f\u00f4rma de mesa e f\u00f4rma de laje mais adapt\u00e1vel e econ\u00f4mica dispon\u00edvel hoje. Projetado para versatilidade e efici\u00eancia, este sistema apresenta escoras tubulares de a\u00e7o de alta qualidade, incluindo trip\u00e9s, cabe\u00e7otes de quatro vias, vigas de madeira H20 e folhas de compensado, acomodando alturas livres de at\u00e9 5,90 m.<\/p>\t\t\t\t\t\t\t\t<\/div>\n\t\t\t\t<\/div>\n\t\t\t\t\t<\/div>\n\t\t<\/div>\n\t\t\t\t\t<\/div>\n\t\t<\/section>\n\t\t\t\t<section class=\"elementor-section elementor-top-section elementor-element elementor-element-630a5f84 elementor-section-boxed elementor-section-height-default elementor-section-height-default\" data-id=\"630a5f84\" data-element_type=\"section\" data-e-type=\"section\">\n\t\t\t\t\t\t<div class=\"elementor-container elementor-column-gap-default\">\n\t\t\t\t\t<div class=\"elementor-column elementor-col-50 elementor-top-column elementor-element elementor-element-248b02bd\" data-id=\"248b02bd\" data-element_type=\"column\" data-e-type=\"column\">\n\t\t\t<div class=\"elementor-widget-wrap elementor-element-populated\">\n\t\t\t\t\t\t<div class=\"elementor-element elementor-element-5faa738b elementor-widget elementor-widget-heading\" data-id=\"5faa738b\" data-element_type=\"widget\" data-e-type=\"widget\" data-widget_type=\"heading.default\">\n\t\t\t\t<div class=\"elementor-widget-container\">\n\t\t\t\t\t<h2 class=\"elementor-heading-title elementor-size-default\">Projeto de f\u00f4rma para mesa de laje flex\u00edvel\n<\/h2>\t\t\t\t<\/div>\n\t\t\t\t<\/div>\n\t\t\t\t<div class=\"elementor-element elementor-element-7935274b elementor-widget elementor-widget-gallery\" data-id=\"7935274b\" data-element_type=\"widget\" data-e-type=\"widget\" data-settings=\"{&quot;columns&quot;:2,&quot;aspect_ratio&quot;:&quot;4:3&quot;,&quot;lazyload&quot;:&quot;yes&quot;,&quot;gallery_layout&quot;:&quot;grid&quot;,&quot;columns_tablet&quot;:2,&quot;columns_mobile&quot;:1,&quot;gap&quot;:{&quot;unit&quot;:&quot;px&quot;,&quot;size&quot;:10,&quot;sizes&quot;:[]},&quot;gap_tablet&quot;:{&quot;unit&quot;:&quot;px&quot;,&quot;size&quot;:10,&quot;sizes&quot;:[]},&quot;gap_mobile&quot;:{&quot;unit&quot;:&quot;px&quot;,&quot;size&quot;:10,&quot;sizes&quot;:[]},&quot;content_hover_animation&quot;:&quot;fade-in&quot;}\" data-widget_type=\"gallery.default\">\n\t\t\t\t<div class=\"elementor-widget-container\">\n\t\t\t\t\t\t\t<div class=\"elementor-gallery__container\">\n\t\t\t\t\t\t\t<div class=\"e-gallery-item elementor-gallery-item elementor-animated-content\">\n\t\t\t\t\t<div class=\"e-gallery-image elementor-gallery-item__image\" data-thumbnail=\"https:\/\/rapid-scafform.com\/wp-content\/uploads\/2024\/04\/slab-formwork-768x512.jpg\" data-width=\"768\" data-height=\"512\" aria-label=\"cofragem de laje\" role=\"img\" ><\/div>\n\t\t\t\t\t\t\t\t\t\t\t\t\t\t<\/div>\n\t\t\t\t\t\t\t<div class=\"e-gallery-item elementor-gallery-item elementor-animated-content\">\n\t\t\t\t\t<div class=\"e-gallery-image elementor-gallery-item__image\" data-thumbnail=\"https:\/\/rapid-scafform.com\/wp-content\/uploads\/2024\/04\/3-768x508.jpg\" data-width=\"768\" data-height=\"508\" aria-label=\"Sistema de cofragem para mesa de laje H20\" role=\"img\" ><\/div>\n\t\t\t\t\t\t\t\t\t\t\t\t\t\t<\/div>\n\t\t\t\t\t\t\t<div class=\"e-gallery-item elementor-gallery-item elementor-animated-content\">\n\t\t\t\t\t<div class=\"e-gallery-image elementor-gallery-item__image\" data-thumbnail=\"https:\/\/rapid-scafform.com\/wp-content\/uploads\/2024\/04\/2.png\" data-width=\"722\" data-height=\"569\" aria-label=\"Sistema de cofragem para mesa de laje H20\" role=\"img\" ><\/div>\n\t\t\t\t\t\t\t\t\t\t\t\t\t\t<\/div>\n\t\t\t\t\t\t\t<div class=\"e-gallery-item elementor-gallery-item elementor-animated-content\">\n\t\t\t\t\t<div class=\"e-gallery-image elementor-gallery-item__image\" data-thumbnail=\"https:\/\/rapid-scafform.com\/wp-content\/uploads\/2024\/04\/1-1-768x510.jpg\" data-width=\"768\" data-height=\"510\" aria-label=\"H20-Laje-Mesa-F\u00f4rma\" role=\"img\" ><\/div>\n\t\t\t\t\t\t\t\t\t\t\t\t\t\t<\/div>\n\t\t\t\t\t<\/div>\n\t\t\t\t\t<\/div>\n\t\t\t\t<\/div>\n\t\t\t\t\t<\/div>\n\t\t<\/div>\n\t\t\t\t<div class=\"elementor-column elementor-col-50 elementor-top-column elementor-element elementor-element-148312d1\" data-id=\"148312d1\" data-element_type=\"column\" data-e-type=\"column\">\n\t\t\t<div class=\"elementor-widget-wrap elementor-element-populated\">\n\t\t\t\t\t\t<div class=\"elementor-element elementor-element-421e4574 elementor-widget elementor-widget-text-editor\" data-id=\"421e4574\" data-element_type=\"widget\" data-e-type=\"widget\" data-widget_type=\"text-editor.default\">\n\t\t\t\t<div class=\"elementor-widget-container\">\n\t\t\t\t\t\t\t\t\t<h3 style=\"text-align: center;\">Por que r\u00e1pido?<\/h3><p>\u2022<strong>Versatilidade<\/strong>: Adequado para uma ampla gama de projetos, desde arranha-c\u00e9us at\u00e9 pontes. \u2022 <strong>Acabamentos de Qualidade<\/strong>: Garante qualidade superior da superf\u00edcie do concreto.<br \/>\u2022 <strong>Tecnologia de Auto-Escalada<\/strong>: Oferece constru\u00e7\u00e3o de arranha-c\u00e9us mais segura e sem guindaste.<br \/>\u2022 <strong>Efici\u00eancia Econ\u00f4mica<\/strong>: Equilibra custo-benef\u00edcio com seguran\u00e7a.<br \/>\u2022 <strong>Capacidade de carga robusta<\/strong>: Garante confiabilidade sob altas press\u00f5es de concreto.<br \/>\u2022<strong>Solu\u00e7\u00f5es Personalizadas<\/strong>: Adapta-se \u00e0s necessidades espec\u00edficas do projeto com sistemas ajust\u00e1veis.<br \/>\u2022 <strong>Suporte especializado<\/strong>: Fornece orienta\u00e7\u00e3o e servi\u00e7o experientes.<br \/>\u2022 <strong>Conformidade com os padr\u00f5es<\/strong>: Atende aos padr\u00f5es internacionais de seguran\u00e7a e qualidade.<br \/>\u2022 <strong>Sustentabilidade<\/strong>: Enfatiza materiais reutiliz\u00e1veis para menor impacto ambiental.<\/p>\t\t\t\t\t\t\t\t<\/div>\n\t\t\t\t<\/div>\n\t\t\t\t\t<\/div>\n\t\t<\/div>\n\t\t\t\t\t<\/div>\n\t\t<\/section>\n\t\t\t\t<section class=\"elementor-section elementor-top-section elementor-element elementor-element-7708181a elementor-section-boxed elementor-section-height-default elementor-section-height-default\" data-id=\"7708181a\" data-element_type=\"section\" data-e-type=\"section\">\n\t\t\t\t\t\t<div class=\"elementor-container elementor-column-gap-default\">\n\t\t\t\t\t<div class=\"elementor-column elementor-col-100 elementor-top-column elementor-element elementor-element-75f871b7\" data-id=\"75f871b7\" data-element_type=\"column\" data-e-type=\"column\">\n\t\t\t<div class=\"elementor-widget-wrap elementor-element-populated\">\n\t\t\t\t\t\t<div class=\"elementor-element elementor-element-19fe2a18 elementor-align-center elementor-widget elementor-widget-button\" data-id=\"19fe2a18\" data-element_type=\"widget\" data-e-type=\"widget\" data-widget_type=\"button.default\">\n\t\t\t\t<div class=\"elementor-widget-container\">\n\t\t\t\t\t\t\t\t\t<div class=\"elementor-button-wrapper\">\n\t\t\t\t\t<a class=\"elementor-button elementor-button-link elementor-size-sm\" href=\"#elementor-action%3Aaction%3Dpopup%3Aopen%26settings%3DeyJpZCI6IjczOTkiLCJ0b2dnbGUiOmZhbHNlfQ%3D%3D\">\n\t\t\t\t\t\t<span class=\"elementor-button-content-wrapper\">\n\t\t\t\t\t\t\t\t\t<span class=\"elementor-button-text\">Fa\u00e7a uma cota\u00e7\u00e3o agora!<\/span>\n\t\t\t\t\t<\/span>\n\t\t\t\t\t<\/a>\n\t\t\t\t<\/div>\n\t\t\t\t\t\t\t\t<\/div>\n\t\t\t\t<\/div>\n\t\t\t\t\t<\/div>\n\t\t<\/div>\n\t\t\t\t\t<\/div>\n\t\t<\/section>\n\t\t\t\t<section class=\"elementor-section elementor-top-section elementor-element elementor-element-4ddc8da7 elementor-section-boxed elementor-section-height-default elementor-section-height-default\" data-id=\"4ddc8da7\" data-element_type=\"section\" data-e-type=\"section\">\n\t\t\t\t\t\t<div class=\"elementor-container elementor-column-gap-default\">\n\t\t\t\t\t<div class=\"elementor-column elementor-col-100 elementor-top-column elementor-element elementor-element-3916032b\" data-id=\"3916032b\" data-element_type=\"column\" data-e-type=\"column\">\n\t\t\t<div class=\"elementor-widget-wrap elementor-element-populated\">\n\t\t\t\t\t\t<div class=\"elementor-element elementor-element-5a3a33f3 elementor-tabs-view-horizontal elementor-widget elementor-widget-tabs\" data-id=\"5a3a33f3\" data-element_type=\"widget\" data-e-type=\"widget\" data-widget_type=\"tabs.default\">\n\t\t\t\t<div class=\"elementor-widget-container\">\n\t\t\t\t\t\t\t<div class=\"elementor-tabs\">\n\t\t\t<div class=\"elementor-tabs-wrapper\" role=\"tablist\" >\n\t\t\t\t\t\t\t\t\t<div id=\"elementor-tab-title-1511\" class=\"elementor-tab-title elementor-tab-desktop-title\" aria-selected=\"true\" data-tab=\"1\" role=\"tab\" tabindex=\"0\" aria-controls=\"elementor-tab-content-1511\" aria-expanded=\"false\">Introdu\u00e7\u00e3o \u00e0 f\u00f4rma para mesa de laje flex\u00edvel<\/div>\n\t\t\t\t\t\t\t\t\t<div id=\"elementor-tab-title-1512\" class=\"elementor-tab-title elementor-tab-desktop-title\" aria-selected=\"false\" data-tab=\"2\" role=\"tab\" tabindex=\"-1\" aria-controls=\"elementor-tab-content-1512\" aria-expanded=\"false\">Certifica\u00e7\u00e3o<\/div>\n\t\t\t\t\t\t\t\t\t<div id=\"elementor-tab-title-1513\" class=\"elementor-tab-title elementor-tab-desktop-title\" aria-selected=\"false\" data-tab=\"3\" role=\"tab\" tabindex=\"-1\" aria-controls=\"elementor-tab-content-1513\" aria-expanded=\"false\">Projetos de cofragem para mesa de laje flex\u00edvel<\/div>\n\t\t\t\t\t\t\t<\/div>\n\t\t\t<div class=\"elementor-tabs-content-wrapper\" role=\"tablist\" aria-orientation=\"vertical\">\n\t\t\t\t\t\t\t\t\t<div class=\"elementor-tab-title elementor-tab-mobile-title\" aria-selected=\"true\" data-tab=\"1\" role=\"tab\" tabindex=\"0\" aria-controls=\"elementor-tab-content-1511\" aria-expanded=\"false\">Introdu\u00e7\u00e3o \u00e0 f\u00f4rma para mesa de laje flex\u00edvel<\/div>\n\t\t\t\t\t<div id=\"elementor-tab-content-1511\" class=\"elementor-tab-content elementor-clearfix\" data-tab=\"1\" role=\"tabpanel\" aria-labelledby=\"elementor-tab-title-1511\" tabindex=\"0\" hidden=\"false\"><ul><li><p><strong>Flexibilidade inigual\u00e1vel:<\/strong> Sem restri\u00e7\u00f5es por dimens\u00f5es modulares, o Flex-table Formwork System se destaca em qualquer ambiente, suportando todos os tipos de lajes e adaptando-se a qualquer layout geom\u00e9trico. Diga adeus \u00e0 rigidez dos sistemas tradicionais e abrace a flexibilidade m\u00e1xima.<\/p><\/li><li><p><strong>Econ\u00f4mico e eficiente:<\/strong> Reduza seus custos de material sem sacrificar a qualidade. Ideal para regi\u00f5es com n\u00edveis salariais variados, o Flex-table Formwork System n\u00e3o \u00e9 apenas f\u00e1cil para seu or\u00e7amento, mas tamb\u00e9m reutiliz\u00e1vel, tornando-o uma escolha sustent\u00e1vel para suas necessidades de constru\u00e7\u00e3o.<\/p><\/li><li><p><strong>Robusto e confi\u00e1vel:<\/strong> Constru\u00eddo com o melhor a\u00e7o, nosso sistema de f\u00f4rmas promete durabilidade e estabilidade excepcionais. N\u00e3o importa se voc\u00ea opta por escoras leves ou pesadas, o Flex-table Formwork System suporta as demandas de qualquer canteiro de obras, garantindo seguran\u00e7a e longevidade.<\/p><\/li><li><p><strong>Processo simplificado:<\/strong> Projetado para facilidade de uso, este sistema permite montagem e desmontagem r\u00e1pidas, economizando tempo e custos de m\u00e3o de obra. Seu design intuitivo \u00e9 perfeito tanto para construtores novatos quanto experientes.<\/p><\/li><\/ul><\/div>\n\t\t\t\t\t\t\t\t\t<div class=\"elementor-tab-title elementor-tab-mobile-title\" aria-selected=\"false\" data-tab=\"2\" role=\"tab\" tabindex=\"-1\" aria-controls=\"elementor-tab-content-1512\" aria-expanded=\"false\">Certifica\u00e7\u00e3o<\/div>\n\t\t\t\t\t<div id=\"elementor-tab-content-1512\" class=\"elementor-tab-content elementor-clearfix\" data-tab=\"2\" role=\"tabpanel\" aria-labelledby=\"elementor-tab-title-1512\" tabindex=\"0\" hidden=\"hidden\"><p>Qualidade, seguran\u00e7a e efici\u00eancia de custos s\u00e3o nossos compromissos. Somos parceiros sinceros de todos os nossos clientes, independentemente de seus tamanhos. No mundo todo.<\/p><p><img decoding=\"async\" class=\"wp-image-3429 size-full aligncenter\" src=\"https:\/\/jumplyscaffolding.com\/wp-content\/uploads\/2021\/08\/Certificate.png\" alt=\"Certificado\" width=\"558\" height=\"453\" \/> <img decoding=\"async\" class=\"aligncenter wp-image-3430 size-full\" src=\"https:\/\/jumplyscaffolding.com\/wp-content\/uploads\/2021\/08\/Jumply-Certificate.png\" alt=\"Certificado Jumply\" width=\"557\" height=\"226\" \/><\/p><\/div>\n\t\t\t\t\t\t\t\t\t<div class=\"elementor-tab-title elementor-tab-mobile-title\" aria-selected=\"false\" data-tab=\"3\" role=\"tab\" tabindex=\"-1\" aria-controls=\"elementor-tab-content-1513\" aria-expanded=\"false\">Projetos de cofragem para mesa de laje flex\u00edvel<\/div>\n\t\t\t\t\t<div id=\"elementor-tab-content-1513\" class=\"elementor-tab-content elementor-clearfix\" data-tab=\"3\" role=\"tabpanel\" aria-labelledby=\"elementor-tab-title-1513\" tabindex=\"0\" hidden=\"hidden\"><p>A Rapid representa a seguran\u00e7a e a qualifica\u00e7\u00e3o da F\u00f4rma para Mesa de Laje Flex\u00edvel por meio de nossos projetos de constru\u00e7\u00e3o.<\/p><p>Lajes e vigas em v\u00e1rios tipos de edif\u00edcios, f\u00e1bricas, tanques, viadutos e pontes.<\/p><p><img loading=\"lazy\" decoding=\"async\" class=\"aligncenter wp-image-6399\" src=\"https:\/\/rapid-scafform.com\/wp-content\/uploads\/2024\/04\/3-300x198.jpg\" alt=\"Sistema de cofragem para mesa de laje H20\" width=\"500\" height=\"331\" srcset=\"https:\/\/rapid-scafform.com\/wp-content\/uploads\/2024\/04\/3-300x198.jpg 300w, https:\/\/rapid-scafform.com\/wp-content\/uploads\/2024\/04\/3-1024x677.jpg 1024w, https:\/\/rapid-scafform.com\/wp-content\/uploads\/2024\/04\/3-768x508.jpg 768w, https:\/\/rapid-scafform.com\/wp-content\/uploads\/2024\/04\/3-18x12.jpg 18w, https:\/\/rapid-scafform.com\/wp-content\/uploads\/2024\/04\/3-600x397.jpg 600w, https:\/\/rapid-scafform.com\/wp-content\/uploads\/2024\/04\/3.jpg 1240w\" sizes=\"(max-width: 500px) 100vw, 500px\" \/><\/p><p><img loading=\"lazy\" decoding=\"async\" class=\"aligncenter wp-image-6421\" src=\"https:\/\/rapid-scafform.com\/wp-content\/uploads\/2024\/04\/slab-formwork-300x200.jpg\" alt=\"cofragem de laje\" width=\"500\" height=\"333\" srcset=\"https:\/\/rapid-scafform.com\/wp-content\/uploads\/2024\/04\/slab-formwork-300x200.jpg 300w, https:\/\/rapid-scafform.com\/wp-content\/uploads\/2024\/04\/slab-formwork-768x512.jpg 768w, https:\/\/rapid-scafform.com\/wp-content\/uploads\/2024\/04\/slab-formwork-18x12.jpg 18w, https:\/\/rapid-scafform.com\/wp-content\/uploads\/2024\/04\/slab-formwork-600x400.jpg 600w, https:\/\/rapid-scafform.com\/wp-content\/uploads\/2024\/04\/slab-formwork.jpg 870w\" sizes=\"(max-width: 500px) 100vw, 500px\" \/><\/p><\/div>\n\t\t\t\t\t\t\t<\/div>\n\t\t<\/div>\n\t\t\t\t\t\t<\/div>\n\t\t\t\t<\/div>\n\t\t\t\t\t<\/div>\n\t\t<\/div>\n\t\t\t\t\t<\/div>\n\t\t<\/section>\n\t\t\t\t<\/div>","protected":false},"excerpt":{"rendered":"<p>Get a Quote Now! Flex Slab Table Formwork Discover the Flex-Table Formwork System: The Ultimate Solution for Slab Construction Elevate your construction projects with the Flex-table Formwork System, the most adaptable and cost-effective table formwork and slab formwork solution available today. Designed for versatility and efficiency, this system features high-quality tubular steel props, including Tripods, [&hellip;]<\/p>\n","protected":false},"author":1,"featured_media":0,"parent":0,"menu_order":0,"comment_status":"closed","ping_status":"closed","template":"","meta":{"_seopress_robots_primary_cat":"","_seopress_titles_title":"","_seopress_titles_desc":"","_seopress_robots_index":"","site-sidebar-layout":"no-sidebar","site-content-layout":null,"ast-site-content-layout":"full-width-container","site-content-style":"unboxed","site-sidebar-style":"unboxed","ast-global-header-display":"","ast-banner-title-visibility":"","ast-main-header-display":"","ast-hfb-above-header-display":"","ast-hfb-below-header-display":null,"ast-hfb-mobile-header-display":"","site-post-title":"disabled","ast-breadcrumbs-content":null,"ast-featured-img":"disabled","footer-sml-layout":"","ast-disable-related-posts":"","theme-transparent-header-meta":"","adv-header-id-meta":"","stick-header-meta":"","header-above-stick-meta":"","header-main-stick-meta":"","header-below-stick-meta":null,"astra-migrate-meta-layouts":"set","ast-page-background-enabled":"default","ast-page-background-meta":{"desktop":{"background-color":"","background-image":"","background-repeat":"repeat","background-position":"center center","background-size":"auto","background-attachment":"scroll","background-type":"","background-media":"","overlay-type":"","overlay-color":"","overlay-opacity":"","overlay-gradient":""},"tablet":{"background-color":"","background-image":"","background-repeat":"repeat","background-position":"center center","background-size":"auto","background-attachment":"scroll","background-type":"","background-media":"","overlay-type":"","overlay-color":"","overlay-opacity":"","overlay-gradient":""},"mobile":{"background-color":"","background-image":"","background-repeat":"repeat","background-position":"center center","background-size":"auto","background-attachment":"scroll","background-type":"","background-media":"","overlay-type":"","overlay-color":"","overlay-opacity":"","overlay-gradient":""}},"ast-content-background-meta":{"desktop":{"background-color":"var(--ast-global-color-5)","background-image":"","background-repeat":"repeat","background-position":"center center","background-size":"auto","background-attachment":"scroll","background-type":"","background-media":"","overlay-type":"","overlay-color":"","overlay-opacity":"","overlay-gradient":""},"tablet":{"background-color":"var(--ast-global-color-5)","background-image":"","background-repeat":"repeat","background-position":"center center","background-size":"auto","background-attachment":"scroll","background-type":"","background-media":"","overlay-type":"","overlay-color":"","overlay-opacity":"","overlay-gradient":""},"mobile":{"background-color":"var(--ast-global-color-5)","background-image":"","background-repeat":"repeat","background-position":"center center","background-size":"auto","background-attachment":"scroll","background-type":"","background-media":"","overlay-type":"","overlay-color":"","overlay-opacity":"","overlay-gradient":""}},"footnotes":""},"class_list":["post-6413","page","type-page","status-publish","hentry"],"_links":{"self":[{"href":"https:\/\/rapid-scafform.com\/pt\/wp-json\/wp\/v2\/pages\/6413","targetHints":{"allow":["GET"]}}],"collection":[{"href":"https:\/\/rapid-scafform.com\/pt\/wp-json\/wp\/v2\/pages"}],"about":[{"href":"https:\/\/rapid-scafform.com\/pt\/wp-json\/wp\/v2\/types\/page"}],"author":[{"embeddable":true,"href":"https:\/\/rapid-scafform.com\/pt\/wp-json\/wp\/v2\/users\/1"}],"replies":[{"embeddable":true,"href":"https:\/\/rapid-scafform.com\/pt\/wp-json\/wp\/v2\/comments?post=6413"}],"version-history":[{"count":20,"href":"https:\/\/rapid-scafform.com\/pt\/wp-json\/wp\/v2\/pages\/6413\/revisions"}],"predecessor-version":[{"id":7703,"href":"https:\/\/rapid-scafform.com\/pt\/wp-json\/wp\/v2\/pages\/6413\/revisions\/7703"}],"wp:attachment":[{"href":"https:\/\/rapid-scafform.com\/pt\/wp-json\/wp\/v2\/media?parent=6413"}],"curies":[{"name":"wp","href":"https:\/\/api.w.org\/{rel}","templated":true}]}}